{"id":3020,"date":"2023-01-20T09:49:48","date_gmt":"2023-01-20T08:49:48","guid":{"rendered":"https:\/\/www.subdeco.com\/bati\/?page_id=3020"},"modified":"2025-07-22T10:06:51","modified_gmt":"2025-07-22T08:06:51","slug":"demande-de-devis","status":"publish","type":"page","link":"https:\/\/www.subdeco.com\/bati\/demande-de-devis\/","title":{"rendered":"Demandez un devis"},"content":{"rendered":"[vc_row type=&#8221;in_container&#8221; full_screen_row_position=&#8221;middle&#8221; column_margin=&#8221;default&#8221; column_direction=&#8221;default&#8221; column_direction_tablet=&#8221;default&#8221; column_direction_phone=&#8221;default&#8221; scene_position=&#8221;center&#8221; text_color=&#8221;dark&#8221; text_align=&#8221;left&#8221; row_border_radius=&#8221;none&#8221; row_border_radius_applies=&#8221;bg&#8221; overlay_strength=&#8221;0.3&#8243; gradient_direction=&#8221;left_to_right&#8221; shape_divider_position=&#8221;bottom&#8221; bg_image_animation=&#8221;none&#8221;][vc_column column_padding=&#8221;no-extra-padding&#8221; column_padding_tablet=&#8221;inherit&#8221; column_padding_phone=&#8221;inherit&#8221; column_padding_position=&#8221;all&#8221; background_color_opacity=&#8221;1&#8243; background_hover_color_opacity=&#8221;1&#8243; column_shadow=&#8221;none&#8221; column_border_radius=&#8221;none&#8221; column_link_target=&#8221;_self&#8221; gradient_direction=&#8221;left_to_right&#8221; overlay_strength=&#8221;0.3&#8243; width=&#8221;1\/1&#8243; tablet_width_inherit=&#8221;default&#8221; tablet_text_alignment=&#8221;default&#8221; phone_text_alignment=&#8221;default&#8221; column_border_width=&#8221;none&#8221; column_border_style=&#8221;solid&#8221; bg_image_animation=&#8221;none&#8221;][divider line_type=&#8221;No Line&#8221; custom_height=&#8221;15&#8243;][vc_column_text]\n<h1>Demande de devis<\/h1>\n<p>D\u00e9crivez nous votre projet avec le plus de d\u00e9tails possible, nos experts vous ferons une premi\u00e8re estimation rapide et gratuite.<br \/>\nLes champs avec un ast\u00e9risque ( * ) sont obligatoires.<\/p>\n<p><strong>Pour rappel, nous travaillons exclusivement avec des professionnels, toute demande de renseignement \u00e0 destination de particuliers ne sera malheureusement pas prise en compte.<\/strong>[\/vc_column_text][vc_column_text]\n<div class=\"wpcf7 no-js\" id=\"wpcf7-f3026-o1\" lang=\"fr-FR\" dir=\"ltr\" data-wpcf7-id=\"3026\">\n<div class=\"screen-reader-response\"><p role=\"status\" aria-live=\"polite\" aria-atomic=\"true\"><\/p> <ul><\/ul><\/div>\n<form action=\"\/bati\/wp-json\/wp\/v2\/pages\/3020#wpcf7-f3026-o1\" method=\"post\" class=\"wpcf7-form init\" aria-label=\"Formulaire de contact\" novalidate=\"novalidate\" data-status=\"init\">\n<fieldset class=\"hidden-fields-container\"><input type=\"hidden\" name=\"_wpcf7\" value=\"3026\" \/><input type=\"hidden\" name=\"_wpcf7_version\" value=\"6.1.5\" \/><input type=\"hidden\" name=\"_wpcf7_locale\" value=\"fr_FR\" \/><input type=\"hidden\" name=\"_wpcf7_unit_tag\" value=\"wpcf7-f3026-o1\" \/><input type=\"hidden\" name=\"_wpcf7_container_post\" value=\"0\" \/><input type=\"hidden\" name=\"_wpcf7_posted_data_hash\" value=\"\" \/>\n<\/fieldset>\n<div class=\"row\">\n\t<div class=\"col span_10\">\n\t\t<h4>COORDONNEES\n\t\t<\/h4>\n\t<\/div>\n\n <!--- Premi\u00e8re section --->\n\t<div class=\"row\">\n\t\t<div class=\"col span_5\">\n\t\t\t<p><label>Civilit\u00e9*<\/label><span class=\"wpcf7-form-control-wrap\" data-name=\"your-civilite\"><span class=\"wpcf7-form-control wpcf7-radio\"><span class=\"wpcf7-list-item first\"><label><input type=\"radio\" name=\"your-civilite\" value=\"Mr.\" checked=\"checked\" \/><span class=\"wpcf7-list-item-label\">Mr.<\/span><\/label><\/span><span class=\"wpcf7-list-item last\"><label><input type=\"radio\" name=\"your-civilite\" value=\"Mme.\" \/><span class=\"wpcf7-list-item-label\">Mme.<\/span><\/label><\/span><\/span><\/span>\n\t\t\t<\/p>\n\t\t<\/div>\n\t\t<div class=\"col span_5\">\n\t\t\t<p><label>Soci\u00e9t\u00e9* <span class=\"wpcf7-form-control-wrap\" data-name=\"nom-entreprise\"><input size=\"40\" maxlength=\"400\" class=\"wpcf7-form-control wpcf7-text wpcf7-validates-as-required\" aria-required=\"true\" aria-invalid=\"false\" value=\"\" type=\"text\" name=\"nom-entreprise\" \/><\/span><\/label>\n\t\t\t<\/p>\n\t\t<\/div>\n\t<\/div>\n\t<div class=\"row\">\n\t\t<div class=\"col span_5\">\n\t\t\t<p><label>Nom* <span class=\"wpcf7-form-control-wrap\" data-name=\"your-name\"><input size=\"40\" maxlength=\"400\" class=\"wpcf7-form-control wpcf7-text wpcf7-validates-as-required\" aria-required=\"true\" aria-invalid=\"false\" value=\"\" type=\"text\" name=\"your-name\" \/><\/span><\/label>\n\t\t\t<\/p>\n\t\t<\/div>\n\t\t<div class=\"col span_5\">\n\t\t\t<p><label>Pr\u00e9nom* <span class=\"wpcf7-form-control-wrap\" data-name=\"your-surname\"><input size=\"40\" maxlength=\"400\" class=\"wpcf7-form-control wpcf7-text wpcf7-validates-as-required\" aria-required=\"true\" aria-invalid=\"false\" value=\"\" type=\"text\" name=\"your-surname\" \/><\/span> <\/label>\n\t\t\t<\/p>\n\t\t<\/div>\n\t<\/div>\n\t<div class=\"row\">\n\t\t<div class=\"col span_5\">\n\t\t\t<p><label>Adresse email* <span class=\"wpcf7-form-control-wrap\" data-name=\"your-email\"><input size=\"40\" maxlength=\"400\" class=\"wpcf7-form-control wpcf7-email wpcf7-validates-as-required wpcf7-text wpcf7-validates-as-email\" aria-required=\"true\" aria-invalid=\"false\" value=\"\" type=\"email\" name=\"your-email\" \/><\/span><\/label>\n\t\t\t<\/p>\n\t\t<\/div>\n\t\t<div class=\"col span_5\">\n\t\t\t<p><label>Num\u00e9ro de t\u00e9l\u00e9phone <span class=\"wpcf7-form-control-wrap\" data-name=\"your-tel\"><input size=\"40\" maxlength=\"400\" class=\"wpcf7-form-control wpcf7-tel wpcf7-text wpcf7-validates-as-tel\" aria-invalid=\"false\" value=\"\" type=\"tel\" name=\"your-tel\" \/><\/span><\/label>\n\t\t\t<\/p>\n\t\t<\/div>\n\t<\/div>\n\t<div class=\"row\">\n\t\t<div class=\"col span_10\">\n\t\t\t<p><label>Adresse* <span class=\"wpcf7-form-control-wrap\" data-name=\"your-adress\"><input size=\"40\" maxlength=\"400\" class=\"wpcf7-form-control wpcf7-text wpcf7-validates-as-required\" aria-required=\"true\" aria-invalid=\"false\" value=\"\" type=\"text\" name=\"your-adress\" \/><\/span><\/label>\n\t\t\t<\/p>\n\t\t<\/div>\n\t<\/div>\n\t<div class=\"row\">\n\t\t<div class=\"col span_5\">\n\t\t\t<p><label>Code postal* <span class=\"wpcf7-form-control-wrap\" data-name=\"your-cp\"><input size=\"40\" maxlength=\"400\" class=\"wpcf7-form-control wpcf7-text wpcf7-validates-as-required\" aria-required=\"true\" aria-invalid=\"false\" value=\"\" type=\"text\" name=\"your-cp\" \/><\/span><\/label>\n\t\t\t<\/p>\n\t\t<\/div>\n\t\t<div class=\"col span_5\">\n\t\t\t<p><label>Ville* <span class=\"wpcf7-form-control-wrap\" data-name=\"your-ville\"><input size=\"40\" maxlength=\"400\" class=\"wpcf7-form-control wpcf7-text wpcf7-validates-as-required\" aria-required=\"true\" aria-invalid=\"false\" value=\"\" type=\"text\" name=\"your-ville\" \/><\/span><\/label>\n\t\t\t<\/p>\n\t\t<\/div>\n\t<\/div>\n\t<div class=\"row\">\n\t\t<div class=\"col span_10\">\n\t\t\t<h4>VOTRE PROJET\n\t\t\t<\/h4>\n\t\t<\/div>\n\t\t<div class=\"col span_10\">\n\t\t\t<p><label>D\u00e9crivez votre id\u00e9e*<\/label>\n\t\t\t<\/p>\n\t\t<\/div>\n\t\t<div class=\"col span_10\">\n\t\t\t<p><label><span class=\"wpcf7-form-control-wrap\" data-name=\"your-demande\"><textarea cols=\"40\" rows=\"10\" maxlength=\"2000\" class=\"wpcf7-form-control wpcf7-textarea wpcf7-validates-as-required\" aria-required=\"true\" aria-invalid=\"false\" name=\"your-demande\"><\/textarea><\/span><\/label>\n\t\t\t<\/p>\n\t\t<\/div>\n\t<\/div>\n\t<p><label><span class=\"wpcf7-form-control-wrap\" data-name=\"your-confirmation\"><span class=\"wpcf7-form-control wpcf7-acceptance\"><span class=\"wpcf7-list-item\"><label><input type=\"checkbox\" name=\"your-confirmation\" value=\"1\" aria-invalid=\"false\" \/><span class=\"wpcf7-list-item-label\">J'accepte que les informations saisies soient exploit\u00e9es dans le cadre de la demande r\u00e9alis\u00e9es ci-dessus.*<\/span><\/label><\/span><\/span><\/span><\/label>\n\t<\/p>\n<\/div>\n\n <!--- Validation du formulaire --->\n<div>\n\t<center>\n\t\t<p><input class=\"wpcf7-form-control wpcf7-submit has-spinner\" type=\"submit\" value=\"Envoyer\" \/>\n\t\t<\/p>\n\t<\/center>\n<\/div>\n\n\n\n<div class=\"wpcf7-response-output\" aria-hidden=\"true\"><\/div>\n<\/form>\n<\/div>\n[\/vc_column_text][divider line_type=&#8221;No Line&#8221; custom_height=&#8221;10px&#8221;][\/vc_column][\/vc_row]\n","protected":false},"excerpt":{"rendered":"<p>[vc_row type=&#8221;in_container&#8221; full_screen_row_position=&#8221;middle&#8221; column_margin=&#8221;default&#8221; column_direction=&#8221;default&#8221; column_direction_tablet=&#8221;default&#8221; column_direction_phone=&#8221;default&#8221; scene_position=&#8221;center&#8221; text_color=&#8221;dark&#8221; text_align=&#8221;left&#8221; row_border_radius=&#8221;none&#8221; row_border_radius_applies=&#8221;bg&#8221; overlay_strength=&#8221;0.3&#8243; gradient_direction=&#8221;left_to_right&#8221; shape_divider_position=&#8221;bottom&#8221; bg_image_animation=&#8221;none&#8221;][vc_column column_padding=&#8221;no-extra-padding&#8221; column_padding_tablet=&#8221;inherit&#8221; column_padding_phone=&#8221;inherit&#8221; column_padding_position=&#8221;all&#8221; background_color_opacity=&#8221;1&#8243; background_hover_color_opacity=&#8221;1&#8243; column_shadow=&#8221;none&#8221; column_border_radius=&#8221;none&#8221; column_link_target=&#8221;_self&#8221; gradient_direction=&#8221;left_to_right&#8221; overlay_strength=&#8221;0.3&#8243; width=&#8221;1\/1&#8243; tablet_width_inherit=&#8221;default&#8221; tablet_text_alignment=&#8221;default&#8221;&#8230;<\/p>\n","protected":false},"author":428,"featured_media":0,"parent":0,"menu_order":0,"comment_status":"closed","ping_status":"closed","template":"","meta":{"footnotes":""},"class_list":["post-3020","page","type-page","status-publish"],"yoast_head":"<!-- This site is optimized with the Yoast SEO plugin v26.9 - https:\/\/yoast.com\/product\/yoast-seo-wordpress\/ -->\n<title>Demandez un devis | SubD\u00e9co B\u00e2ti<\/title>\n<meta name=\"description\" content=\"D\u00e9crivez nous votre projet avec le plus de d\u00e9tails possible, nos experts vous ferons une premi\u00e8re estimation rapide et gratuite.\" \/>\n<meta name=\"robots\" content=\"index, follow, max-snippet:-1, max-image-preview:large, max-video-preview:-1\" \/>\n<link rel=\"canonical\" href=\"https:\/\/www.subdeco.com\/bati\/demande-de-devis\/\" \/>\n<meta property=\"og:locale\" content=\"fr_FR\" \/>\n<meta property=\"og:type\" content=\"article\" \/>\n<meta property=\"og:title\" content=\"Demandez un devis | SubD\u00e9co B\u00e2ti\" \/>\n<meta property=\"og:description\" content=\"D\u00e9crivez nous votre projet avec le plus de d\u00e9tails possible, nos experts vous ferons une premi\u00e8re estimation rapide et gratuite.\" \/>\n<meta property=\"og:url\" content=\"https:\/\/www.subdeco.com\/bati\/demande-de-devis\/\" \/>\n<meta property=\"og:site_name\" content=\"Subd\u00e9co - B\u00e2ti\" \/>\n<meta property=\"article:modified_time\" content=\"2025-07-22T08:06:51+00:00\" \/>\n<meta property=\"og:image\" content=\"https:\/\/www.subdeco.com\/bati\/wp-content\/uploads\/sites\/2\/2021\/02\/shutterstock_236721541-comp.jpg\" \/>\n\t<meta property=\"og:image:width\" content=\"1500\" \/>\n\t<meta property=\"og:image:height\" content=\"1000\" \/>\n\t<meta property=\"og:image:type\" content=\"image\/jpeg\" \/>\n<meta name=\"twitter:card\" content=\"summary_large_image\" \/>\n<meta name=\"twitter:label1\" content=\"Dur\u00e9e de lecture estim\u00e9e\" \/>\n\t<meta name=\"twitter:data1\" content=\"1 minute\" \/>\n<script type=\"application\/ld+json\" class=\"yoast-schema-graph\">{\"@context\":\"https:\/\/schema.org\",\"@graph\":[{\"@type\":[\"WebPage\",\"ContactPage\"],\"@id\":\"https:\/\/www.subdeco.com\/bati\/demande-de-devis\/\",\"url\":\"https:\/\/www.subdeco.com\/bati\/demande-de-devis\/\",\"name\":\"Demandez un devis | SubD\u00e9co B\u00e2ti\",\"isPartOf\":{\"@id\":\"https:\/\/www.subdeco.com\/bati\/#website\"},\"datePublished\":\"2023-01-20T08:49:48+00:00\",\"dateModified\":\"2025-07-22T08:06:51+00:00\",\"description\":\"D\u00e9crivez nous votre projet avec le plus de d\u00e9tails possible, nos experts vous ferons une premi\u00e8re estimation rapide et gratuite.\",\"breadcrumb\":{\"@id\":\"https:\/\/www.subdeco.com\/bati\/demande-de-devis\/#breadcrumb\"},\"inLanguage\":\"fr-FR\",\"potentialAction\":[{\"@type\":\"ReadAction\",\"target\":[\"https:\/\/www.subdeco.com\/bati\/demande-de-devis\/\"]}]},{\"@type\":\"BreadcrumbList\",\"@id\":\"https:\/\/www.subdeco.com\/bati\/demande-de-devis\/#breadcrumb\",\"itemListElement\":[{\"@type\":\"ListItem\",\"position\":1,\"name\":\"Accueil\",\"item\":\"https:\/\/www.subdeco.com\/bati\/\"},{\"@type\":\"ListItem\",\"position\":2,\"name\":\"Demandez un devis\"}]},{\"@type\":\"WebSite\",\"@id\":\"https:\/\/www.subdeco.com\/bati\/#website\",\"url\":\"https:\/\/www.subdeco.com\/bati\/\",\"name\":\"SubD\u00e9co\",\"description\":\"Conception sur-mesure de solution textile et protection solaire\",\"publisher\":{\"@id\":\"https:\/\/www.subdeco.com\/bati\/#organization\"},\"alternateName\":\"SubD\u00e9co - B\u00e2ti\",\"potentialAction\":[{\"@type\":\"SearchAction\",\"target\":{\"@type\":\"EntryPoint\",\"urlTemplate\":\"https:\/\/www.subdeco.com\/bati\/?s={search_term_string}\"},\"query-input\":{\"@type\":\"PropertyValueSpecification\",\"valueRequired\":true,\"valueName\":\"search_term_string\"}}],\"inLanguage\":\"fr-FR\"},{\"@type\":\"Organization\",\"@id\":\"https:\/\/www.subdeco.com\/bati\/#organization\",\"name\":\"SubD\u00e9co\",\"alternateName\":\"SubD\u00e9co - B\u00e2ti\",\"url\":\"https:\/\/www.subdeco.com\/bati\/\",\"logo\":{\"@type\":\"ImageObject\",\"inLanguage\":\"fr-FR\",\"@id\":\"https:\/\/www.subdeco.com\/bati\/#\/schema\/logo\/image\/\",\"url\":\"https:\/\/www.subdeco.com\/bati\/wp-content\/uploads\/sites\/2\/2021\/02\/shutterstock_236721541-comp.jpg\",\"contentUrl\":\"https:\/\/www.subdeco.com\/bati\/wp-content\/uploads\/sites\/2\/2021\/02\/shutterstock_236721541-comp.jpg\",\"width\":1500,\"height\":1000,\"caption\":\"SubD\u00e9co\"},\"image\":{\"@id\":\"https:\/\/www.subdeco.com\/bati\/#\/schema\/logo\/image\/\"},\"sameAs\":[\"https:\/\/www.linkedin.com\/company\/subdeco\"]}]}<\/script>\n<!-- \/ Yoast SEO plugin. -->","yoast_head_json":{"title":"Demandez un devis | SubD\u00e9co B\u00e2ti","description":"D\u00e9crivez nous votre projet avec le plus de d\u00e9tails possible, nos experts vous ferons une premi\u00e8re estimation rapide et gratuite.","robots":{"index":"index","follow":"follow","max-snippet":"max-snippet:-1","max-image-preview":"max-image-preview:large","max-video-preview":"max-video-preview:-1"},"canonical":"https:\/\/www.subdeco.com\/bati\/demande-de-devis\/","og_locale":"fr_FR","og_type":"article","og_title":"Demandez un devis | SubD\u00e9co B\u00e2ti","og_description":"D\u00e9crivez nous votre projet avec le plus de d\u00e9tails possible, nos experts vous ferons une premi\u00e8re estimation rapide et gratuite.","og_url":"https:\/\/www.subdeco.com\/bati\/demande-de-devis\/","og_site_name":"Subd\u00e9co - B\u00e2ti","article_modified_time":"2025-07-22T08:06:51+00:00","og_image":[{"width":1500,"height":1000,"url":"https:\/\/www.subdeco.com\/bati\/wp-content\/uploads\/sites\/2\/2021\/02\/shutterstock_236721541-comp.jpg","type":"image\/jpeg"}],"twitter_card":"summary_large_image","twitter_misc":{"Dur\u00e9e de lecture estim\u00e9e":"1 minute"},"schema":{"@context":"https:\/\/schema.org","@graph":[{"@type":["WebPage","ContactPage"],"@id":"https:\/\/www.subdeco.com\/bati\/demande-de-devis\/","url":"https:\/\/www.subdeco.com\/bati\/demande-de-devis\/","name":"Demandez un devis | SubD\u00e9co B\u00e2ti","isPartOf":{"@id":"https:\/\/www.subdeco.com\/bati\/#website"},"datePublished":"2023-01-20T08:49:48+00:00","dateModified":"2025-07-22T08:06:51+00:00","description":"D\u00e9crivez nous votre projet avec le plus de d\u00e9tails possible, nos experts vous ferons une premi\u00e8re estimation rapide et gratuite.","breadcrumb":{"@id":"https:\/\/www.subdeco.com\/bati\/demande-de-devis\/#breadcrumb"},"inLanguage":"fr-FR","potentialAction":[{"@type":"ReadAction","target":["https:\/\/www.subdeco.com\/bati\/demande-de-devis\/"]}]},{"@type":"BreadcrumbList","@id":"https:\/\/www.subdeco.com\/bati\/demande-de-devis\/#breadcrumb","itemListElement":[{"@type":"ListItem","position":1,"name":"Accueil","item":"https:\/\/www.subdeco.com\/bati\/"},{"@type":"ListItem","position":2,"name":"Demandez un devis"}]},{"@type":"WebSite","@id":"https:\/\/www.subdeco.com\/bati\/#website","url":"https:\/\/www.subdeco.com\/bati\/","name":"SubD\u00e9co","description":"Conception sur-mesure de solution textile et protection solaire","publisher":{"@id":"https:\/\/www.subdeco.com\/bati\/#organization"},"alternateName":"SubD\u00e9co - B\u00e2ti","potentialAction":[{"@type":"SearchAction","target":{"@type":"EntryPoint","urlTemplate":"https:\/\/www.subdeco.com\/bati\/?s={search_term_string}"},"query-input":{"@type":"PropertyValueSpecification","valueRequired":true,"valueName":"search_term_string"}}],"inLanguage":"fr-FR"},{"@type":"Organization","@id":"https:\/\/www.subdeco.com\/bati\/#organization","name":"SubD\u00e9co","alternateName":"SubD\u00e9co - B\u00e2ti","url":"https:\/\/www.subdeco.com\/bati\/","logo":{"@type":"ImageObject","inLanguage":"fr-FR","@id":"https:\/\/www.subdeco.com\/bati\/#\/schema\/logo\/image\/","url":"https:\/\/www.subdeco.com\/bati\/wp-content\/uploads\/sites\/2\/2021\/02\/shutterstock_236721541-comp.jpg","contentUrl":"https:\/\/www.subdeco.com\/bati\/wp-content\/uploads\/sites\/2\/2021\/02\/shutterstock_236721541-comp.jpg","width":1500,"height":1000,"caption":"SubD\u00e9co"},"image":{"@id":"https:\/\/www.subdeco.com\/bati\/#\/schema\/logo\/image\/"},"sameAs":["https:\/\/www.linkedin.com\/company\/subdeco"]}]}},"_links":{"self":[{"href":"https:\/\/www.subdeco.com\/bati\/wp-json\/wp\/v2\/pages\/3020","targetHints":{"allow":["GET"]}}],"collection":[{"href":"https:\/\/www.subdeco.com\/bati\/wp-json\/wp\/v2\/pages"}],"about":[{"href":"https:\/\/www.subdeco.com\/bati\/wp-json\/wp\/v2\/types\/page"}],"author":[{"embeddable":true,"href":"https:\/\/www.subdeco.com\/bati\/wp-json\/wp\/v2\/users\/428"}],"replies":[{"embeddable":true,"href":"https:\/\/www.subdeco.com\/bati\/wp-json\/wp\/v2\/comments?post=3020"}],"version-history":[{"count":10,"href":"https:\/\/www.subdeco.com\/bati\/wp-json\/wp\/v2\/pages\/3020\/revisions"}],"predecessor-version":[{"id":3547,"href":"https:\/\/www.subdeco.com\/bati\/wp-json\/wp\/v2\/pages\/3020\/revisions\/3547"}],"wp:attachment":[{"href":"https:\/\/www.subdeco.com\/bati\/wp-json\/wp\/v2\/media?parent=3020"}],"curies":[{"name":"wp","href":"https:\/\/api.w.org\/{rel}","templated":true}]}}