{"id":3143,"date":"2023-02-01T15:37:26","date_gmt":"2023-02-01T14:37:26","guid":{"rendered":"https:\/\/www.subdeco.com\/bati\/?page_id=3143"},"modified":"2026-02-12T09:25:45","modified_gmt":"2026-02-12T08:25:45","slug":"monteur-poseur-de-rails-et-stores-h-f","status":"publish","type":"page","link":"https:\/\/www.subdeco.com\/bati\/nous-rejoindre\/monteur-poseur-de-rails-et-stores-h-f\/","title":{"rendered":"Monteur Poseur de Rails et Stores H\/F"},"content":{"rendered":"[vc_row type=&#8221;in_container&#8221; full_screen_row_position=&#8221;middle&#8221; column_margin=&#8221;default&#8221; column_direction=&#8221;default&#8221; column_direction_tablet=&#8221;default&#8221; column_direction_phone=&#8221;default&#8221; scene_position=&#8221;center&#8221; text_color=&#8221;dark&#8221; text_align=&#8221;left&#8221; row_border_radius=&#8221;none&#8221; row_border_radius_applies=&#8221;bg&#8221; overlay_strength=&#8221;0.3&#8243; gradient_direction=&#8221;left_to_right&#8221; shape_divider_position=&#8221;bottom&#8221; bg_image_animation=&#8221;none&#8221;][vc_column column_padding=&#8221;no-extra-padding&#8221; column_padding_tablet=&#8221;inherit&#8221; column_padding_phone=&#8221;inherit&#8221; column_padding_position=&#8221;all&#8221; background_color_opacity=&#8221;1&#8243; background_hover_color_opacity=&#8221;1&#8243; column_shadow=&#8221;none&#8221; column_border_radius=&#8221;none&#8221; column_link_target=&#8221;_self&#8221; gradient_direction=&#8221;left_to_right&#8221; overlay_strength=&#8221;0.3&#8243; width=&#8221;1\/1&#8243; tablet_width_inherit=&#8221;default&#8221; tablet_text_alignment=&#8221;default&#8221; phone_text_alignment=&#8221;default&#8221; column_border_width=&#8221;none&#8221; column_border_style=&#8221;solid&#8221; bg_image_animation=&#8221;none&#8221;][divider line_type=&#8221;No Line&#8221; custom_height=&#8221;10&#8243;][vc_column_text]\n<h1>Monteur Poseur de Rails et Stores Exp\u00e9riment\u00e9 H\/F<\/h1>\n[\/vc_column_text][vc_column_text]\n<h3>Vous avez envie de rejoindre une PME en plein d\u00e9veloppement ?<\/h3>\n<p>Nous agrandissons aujourd\u2019hui l\u2019\u00e9quipe<strong> B\u00e2ti<\/strong> et recherchons un nouveau : <em><strong>Conducteur de Travaux Principal<\/strong><\/em>.<\/p>\n<p><strong>Rattach\u00e9 au Responsable de notre P\u00f4le Projet, vous installez les rideaux et stores chez nos clients dans toute la France<\/strong> au sein d\u2019une \u00e9quipe de poseurs. Vous portez ainsi l\u2019image de qualit\u00e9 et de service de Subd\u00e9co aupr\u00e8s de nos clients.<\/p>\n<p>Vous\u00a0:<\/p>\n<ul>\n<li>Vous d\u00e9placez sur des chantiers de pose chez nos clients, parfois plusieurs jours par semaine<\/li>\n<li>Pr\u00e9parez vos chantiers, le mat\u00e9riel \u00e0 poser et les outils n\u00e9cessaires<\/li>\n<li>Coupez, assemblez et montez des rails de rideaux et des m\u00e9canismes de stores dans l\u2019atelier<\/li>\n<\/ul>\n<p>&nbsp;<\/p>\n<p>Vous serez bas\u00e9 \u00e0 Seclin au sein de notre \u00e9quipe de 15 personnes. Vous avez une exp\u00e9rience en finition dans le b\u00e2timent, et vous \u00eates tr\u00e8s bricoleur. Vous \u00eates titulaire du permis de conduire.<\/p>\n<p><strong>Si vous aimez le travail en \u00e9quipe et la prise d\u2019initiatives, si vous \u00eates rigoureux et avez le sens du service, rejoignez-nous\u00a0!<\/strong>[\/vc_column_text][divider line_type=&#8221;No Line&#8221; custom_height=&#8221;10&#8243;][divider line_type=&#8221;Full Width Line&#8221; line_thickness=&#8221;1&#8243; divider_color=&#8221;extra-color-1&#8243;][divider line_type=&#8221;No Line&#8221; custom_height=&#8221;20&#8243;][vc_column_text]\n<h2>Je postule<\/h2>\n[\/vc_column_text][vc_column_text]\n<div class=\"wpcf7 no-js\" id=\"wpcf7-f3142-o1\" lang=\"fr-FR\" dir=\"ltr\" data-wpcf7-id=\"3142\">\n<div class=\"screen-reader-response\"><p role=\"status\" aria-live=\"polite\" aria-atomic=\"true\"><\/p> <ul><\/ul><\/div>\n<form action=\"\/bati\/wp-json\/wp\/v2\/pages\/3143#wpcf7-f3142-o1\" method=\"post\" class=\"wpcf7-form init\" aria-label=\"Formulaire de contact\" enctype=\"multipart\/form-data\" novalidate=\"novalidate\" data-status=\"init\">\n<fieldset class=\"hidden-fields-container\"><input type=\"hidden\" name=\"_wpcf7\" value=\"3142\" \/><input type=\"hidden\" name=\"_wpcf7_version\" value=\"6.1.5\" \/><input type=\"hidden\" name=\"_wpcf7_locale\" value=\"fr_FR\" \/><input type=\"hidden\" name=\"_wpcf7_unit_tag\" value=\"wpcf7-f3142-o1\" \/><input type=\"hidden\" name=\"_wpcf7_container_post\" value=\"0\" \/><input type=\"hidden\" name=\"_wpcf7_posted_data_hash\" value=\"\" \/>\n<\/fieldset>\n<div class=\"row\">\n\t<div class=\"col span_2\">\n\t\t<p><label>Civilit\u00e9*<\/label><span class=\"wpcf7-form-control-wrap\" data-name=\"your-civilite\"><span class=\"wpcf7-form-control wpcf7-radio\"><span class=\"wpcf7-list-item first\"><label><input type=\"radio\" name=\"your-civilite\" value=\"Mr.\" checked=\"checked\" \/><span class=\"wpcf7-list-item-label\">Mr.<\/span><\/label><\/span><span class=\"wpcf7-list-item last\"><label><input type=\"radio\" name=\"your-civilite\" value=\"Mme.\" \/><span class=\"wpcf7-list-item-label\">Mme.<\/span><\/label><\/span><\/span><\/span>\n\t\t<\/p>\n\t<\/div>\n\t<div class=\"col span_4\">\n\t\t<p><label>Nom* <span class=\"wpcf7-form-control-wrap\" data-name=\"your-nom\"><input size=\"40\" maxlength=\"400\" class=\"wpcf7-form-control wpcf7-text wpcf7-validates-as-required\" aria-required=\"true\" aria-invalid=\"false\" value=\"\" type=\"text\" name=\"your-nom\" \/><\/span><\/label>\n\t\t<\/p>\n\t<\/div>\n\t<div class=\"col span_4\">\n\t\t<p><label>Pr\u00e9nom*<\/label><span class=\"wpcf7-form-control-wrap\" data-name=\"your-prenom\"><input size=\"40\" maxlength=\"400\" class=\"wpcf7-form-control wpcf7-text wpcf7-validates-as-required\" aria-required=\"true\" aria-invalid=\"false\" value=\"\" type=\"text\" name=\"your-prenom\" \/><\/span>\n\t\t<\/p>\n\t<\/div>\n<\/div>\n<div class=\"row\">\n\t<div class=\"col span_5\">\n\t\t<p><label>Email*<\/label><span class=\"wpcf7-form-control-wrap\" data-name=\"your-email\"><input size=\"40\" maxlength=\"400\" class=\"wpcf7-form-control wpcf7-email wpcf7-validates-as-required wpcf7-text wpcf7-validates-as-email\" aria-required=\"true\" aria-invalid=\"false\" value=\"\" type=\"email\" name=\"your-email\" \/><\/span>\n\t\t<\/p>\n\t<\/div>\n\t<div class=\"col span_5\">\n\t\t<p><label>Num\u00e9ro de t\u00e9l\u00e9phone*<\/label><span class=\"wpcf7-form-control-wrap\" data-name=\"your-tel\"><input size=\"40\" maxlength=\"400\" class=\"wpcf7-form-control wpcf7-tel wpcf7-validates-as-required wpcf7-text wpcf7-validates-as-tel\" aria-required=\"true\" aria-invalid=\"false\" value=\"\" type=\"tel\" name=\"your-tel\" \/><\/span>\n\t\t<\/p>\n\t<\/div>\n<\/div>\n<div class=\"row\">\n\t<div class=\"col span_10\">\n\t\t<p><label>Adresse*<\/label><span class=\"wpcf7-form-control-wrap\" data-name=\"your-adresse\"><input size=\"40\" maxlength=\"400\" class=\"wpcf7-form-control wpcf7-text wpcf7-validates-as-required\" aria-required=\"true\" aria-invalid=\"false\" value=\"\" type=\"text\" name=\"your-adresse\" \/><\/span>\n\t\t<\/p>\n\t<\/div>\n<\/div>\n<div class=\"row\">\n\t<div class=\"col span_5\">\n\t\t<p><label>Code postal*<\/label><span class=\"wpcf7-form-control-wrap\" data-name=\"your-cp\"><input size=\"40\" maxlength=\"400\" class=\"wpcf7-form-control wpcf7-text wpcf7-validates-as-required\" aria-required=\"true\" aria-invalid=\"false\" value=\"\" type=\"text\" name=\"your-cp\" \/><\/span>\n\t\t<\/p>\n\t<\/div>\n\t<div class=\"col span_5\">\n\t\t<p><label>Ville* <span class=\"wpcf7-form-control-wrap\" data-name=\"your-ville\"><input size=\"40\" maxlength=\"400\" class=\"wpcf7-form-control wpcf7-text wpcf7-validates-as-required\" aria-required=\"true\" aria-invalid=\"false\" value=\"\" type=\"text\" name=\"your-ville\" \/><\/span><\/label>\n\t\t<\/p>\n\t<\/div>\n<\/div>\n<div class=\"row\">\n\t<div class=\"col span_5\">\n\t\t<p><label>Transmettre mon CV*<\/label><span class=\"wpcf7-form-control-wrap\" data-name=\"your-cv\"><input size=\"40\" class=\"wpcf7-form-control wpcf7-file wpcf7-validates-as-required\" accept=\".pdf,.jpg,.jpeg,.word,.png\" aria-required=\"true\" aria-invalid=\"false\" type=\"file\" name=\"your-cv\" \/><\/span>\n\t\t<\/p>\n\t<\/div>\n\t<div class=\"col span_5\">\n\t\t<p><label>Transmettre une lettre de motivation<\/label><span class=\"wpcf7-form-control-wrap\" data-name=\"your-lm\"><input size=\"40\" class=\"wpcf7-form-control wpcf7-file\" accept=\".pdf,.jpg,.jpeg,.word,.png\" aria-invalid=\"false\" type=\"file\" name=\"your-lm\" \/><\/span>\n\t\t<\/p>\n\t<\/div>\n<\/div>\n<div class=\"row\">\n\t<div class=\"col span_10\">\n\t\t<p><label>Vous souhaitez ajouter un commentaire \u00e0 votre candidature : <\/label><span class=\"wpcf7-form-control-wrap\" data-name=\"your-msg\"><textarea cols=\"40\" rows=\"10\" maxlength=\"2000\" class=\"wpcf7-form-control wpcf7-textarea wpcf7-validates-as-required\" aria-required=\"true\" aria-invalid=\"false\" name=\"your-msg\"><\/textarea><\/span>\n\t\t<\/p>\n\t<\/div>\n<\/div>\n<center>\n\t<p><input class=\"wpcf7-form-control wpcf7-submit has-spinner\" type=\"submit\" value=\"Envoyer ma candidature\" \/><a class=\"nectar-button medium regular extra-color-3  regular-button\" style=\"visibility: visible;\" href=\"https:\/\/www.subdeco.com\/bati\/nous-rejoindre\" data-color-override=\"false\" data-hover-color-override=\"false\" data-hover-text-color-override=\"#fff\"><span>Retour<\/span><\/a>\n\t<\/p>\n<\/center><div class=\"wpcf7-response-output\" aria-hidden=\"true\"><\/div>\n<\/form>\n<\/div>\n[\/vc_column_text][divider line_type=&#8221;No Line&#8221; custom_height=&#8221;20&#8243;][\/vc_column][\/vc_row]\n","protected":false},"excerpt":{"rendered":"<p>[vc_row type=&#8221;in_container&#8221; full_screen_row_position=&#8221;middle&#8221; column_margin=&#8221;default&#8221; column_direction=&#8221;default&#8221; column_direction_tablet=&#8221;default&#8221; column_direction_phone=&#8221;default&#8221; scene_position=&#8221;center&#8221; text_color=&#8221;dark&#8221; text_align=&#8221;left&#8221; row_border_radius=&#8221;none&#8221; row_border_radius_applies=&#8221;bg&#8221; overlay_strength=&#8221;0.3&#8243; gradient_direction=&#8221;left_to_right&#8221; shape_divider_position=&#8221;bottom&#8221; bg_image_animation=&#8221;none&#8221;][vc_column column_padding=&#8221;no-extra-padding&#8221; column_padding_tablet=&#8221;inherit&#8221; column_padding_phone=&#8221;inherit&#8221; column_padding_position=&#8221;all&#8221; background_color_opacity=&#8221;1&#8243; background_hover_color_opacity=&#8221;1&#8243; column_shadow=&#8221;none&#8221; column_border_radius=&#8221;none&#8221; column_link_target=&#8221;_self&#8221; gradient_direction=&#8221;left_to_right&#8221; overlay_strength=&#8221;0.3&#8243; width=&#8221;1\/1&#8243; tablet_width_inherit=&#8221;default&#8221; tablet_text_alignment=&#8221;default&#8221;&#8230;<\/p>\n","protected":false},"author":428,"featured_media":359,"parent":3083,"menu_order":0,"comment_status":"closed","ping_status":"closed","template":"","meta":{"footnotes":""},"class_list":["post-3143","page","type-page","status-publish","has-post-thumbnail"],"yoast_head":"<!-- This site is optimized with the Yoast SEO plugin v26.9 - https:\/\/yoast.com\/product\/yoast-seo-wordpress\/ -->\n<title>Monteur Poseur de Rails et Stores H\/F | SubD\u00e9co B\u00e2ti<\/title>\n<meta name=\"description\" content=\"Vous avez envie de rejoindre une PME en plein d\u00e9veloppement ? Nous recherchons un nouveau : Conducteur de Travaux Principal.\" \/>\n<meta name=\"robots\" content=\"index, follow, max-snippet:-1, max-image-preview:large, max-video-preview:-1\" \/>\n<link rel=\"canonical\" href=\"https:\/\/www.subdeco.com\/bati\/nous-rejoindre\/monteur-poseur-de-rails-et-stores-h-f\/\" \/>\n<meta property=\"og:locale\" content=\"fr_FR\" \/>\n<meta property=\"og:type\" content=\"article\" \/>\n<meta property=\"og:title\" content=\"Monteur Poseur de Rails et Stores H\/F | SubD\u00e9co B\u00e2ti\" \/>\n<meta property=\"og:description\" content=\"Vous avez envie de rejoindre une PME en plein d\u00e9veloppement ? Nous recherchons un nouveau : Conducteur de Travaux Principal.\" \/>\n<meta property=\"og:url\" content=\"https:\/\/www.subdeco.com\/bati\/nous-rejoindre\/monteur-poseur-de-rails-et-stores-h-f\/\" \/>\n<meta property=\"og:site_name\" content=\"Subd\u00e9co - B\u00e2ti\" \/>\n<meta property=\"article:modified_time\" content=\"2026-02-12T08:25:45+00:00\" \/>\n<meta property=\"og:image\" content=\"https:\/\/www.subdeco.com\/bati\/wp-content\/uploads\/sites\/2\/2020\/12\/SD_BATI_Services_Pose.jpg\" \/>\n\t<meta property=\"og:image:width\" content=\"495\" \/>\n\t<meta property=\"og:image:height\" content=\"370\" \/>\n\t<meta property=\"og:image:type\" content=\"image\/jpeg\" \/>\n<meta name=\"twitter:card\" content=\"summary_large_image\" \/>\n<meta name=\"twitter:label1\" content=\"Dur\u00e9e de lecture estim\u00e9e\" \/>\n\t<meta name=\"twitter:data1\" content=\"2 minutes\" \/>\n<script type=\"application\/ld+json\" class=\"yoast-schema-graph\">{\"@context\":\"https:\/\/schema.org\",\"@graph\":[{\"@type\":\"WebPage\",\"@id\":\"https:\/\/www.subdeco.com\/bati\/nous-rejoindre\/monteur-poseur-de-rails-et-stores-h-f\/\",\"url\":\"https:\/\/www.subdeco.com\/bati\/nous-rejoindre\/monteur-poseur-de-rails-et-stores-h-f\/\",\"name\":\"Monteur Poseur de Rails et Stores H\/F | SubD\u00e9co B\u00e2ti\",\"isPartOf\":{\"@id\":\"https:\/\/www.subdeco.com\/bati\/#website\"},\"primaryImageOfPage\":{\"@id\":\"https:\/\/www.subdeco.com\/bati\/nous-rejoindre\/monteur-poseur-de-rails-et-stores-h-f\/#primaryimage\"},\"image\":{\"@id\":\"https:\/\/www.subdeco.com\/bati\/nous-rejoindre\/monteur-poseur-de-rails-et-stores-h-f\/#primaryimage\"},\"thumbnailUrl\":\"https:\/\/www.subdeco.com\/bati\/wp-content\/uploads\/sites\/2\/2020\/12\/SD_BATI_Services_Pose.jpg\",\"datePublished\":\"2023-02-01T14:37:26+00:00\",\"dateModified\":\"2026-02-12T08:25:45+00:00\",\"description\":\"Vous avez envie de rejoindre une PME en plein d\u00e9veloppement ? Nous recherchons un nouveau : Conducteur de Travaux Principal.\",\"breadcrumb\":{\"@id\":\"https:\/\/www.subdeco.com\/bati\/nous-rejoindre\/monteur-poseur-de-rails-et-stores-h-f\/#breadcrumb\"},\"inLanguage\":\"fr-FR\",\"potentialAction\":[{\"@type\":\"ReadAction\",\"target\":[\"https:\/\/www.subdeco.com\/bati\/nous-rejoindre\/monteur-poseur-de-rails-et-stores-h-f\/\"]}]},{\"@type\":\"ImageObject\",\"inLanguage\":\"fr-FR\",\"@id\":\"https:\/\/www.subdeco.com\/bati\/nous-rejoindre\/monteur-poseur-de-rails-et-stores-h-f\/#primaryimage\",\"url\":\"https:\/\/www.subdeco.com\/bati\/wp-content\/uploads\/sites\/2\/2020\/12\/SD_BATI_Services_Pose.jpg\",\"contentUrl\":\"https:\/\/www.subdeco.com\/bati\/wp-content\/uploads\/sites\/2\/2020\/12\/SD_BATI_Services_Pose.jpg\",\"width\":495,\"height\":370,\"caption\":\"Monteur poseur\"},{\"@type\":\"BreadcrumbList\",\"@id\":\"https:\/\/www.subdeco.com\/bati\/nous-rejoindre\/monteur-poseur-de-rails-et-stores-h-f\/#breadcrumb\",\"itemListElement\":[{\"@type\":\"ListItem\",\"position\":1,\"name\":\"Accueil\",\"item\":\"https:\/\/www.subdeco.com\/bati\/\"},{\"@type\":\"ListItem\",\"position\":2,\"name\":\"Nous rejoindre\",\"item\":\"https:\/\/www.subdeco.com\/bati\/nous-rejoindre\/\"},{\"@type\":\"ListItem\",\"position\":3,\"name\":\"Monteur Poseur de Rails et Stores H\/F\"}]},{\"@type\":\"WebSite\",\"@id\":\"https:\/\/www.subdeco.com\/bati\/#website\",\"url\":\"https:\/\/www.subdeco.com\/bati\/\",\"name\":\"SubD\u00e9co\",\"description\":\"Conception sur-mesure de solution textile et protection solaire\",\"publisher\":{\"@id\":\"https:\/\/www.subdeco.com\/bati\/#organization\"},\"alternateName\":\"SubD\u00e9co - B\u00e2ti\",\"potentialAction\":[{\"@type\":\"SearchAction\",\"target\":{\"@type\":\"EntryPoint\",\"urlTemplate\":\"https:\/\/www.subdeco.com\/bati\/?s={search_term_string}\"},\"query-input\":{\"@type\":\"PropertyValueSpecification\",\"valueRequired\":true,\"valueName\":\"search_term_string\"}}],\"inLanguage\":\"fr-FR\"},{\"@type\":\"Organization\",\"@id\":\"https:\/\/www.subdeco.com\/bati\/#organization\",\"name\":\"SubD\u00e9co\",\"alternateName\":\"SubD\u00e9co - B\u00e2ti\",\"url\":\"https:\/\/www.subdeco.com\/bati\/\",\"logo\":{\"@type\":\"ImageObject\",\"inLanguage\":\"fr-FR\",\"@id\":\"https:\/\/www.subdeco.com\/bati\/#\/schema\/logo\/image\/\",\"url\":\"https:\/\/www.subdeco.com\/bati\/wp-content\/uploads\/sites\/2\/2021\/02\/shutterstock_236721541-comp.jpg\",\"contentUrl\":\"https:\/\/www.subdeco.com\/bati\/wp-content\/uploads\/sites\/2\/2021\/02\/shutterstock_236721541-comp.jpg\",\"width\":1500,\"height\":1000,\"caption\":\"SubD\u00e9co\"},\"image\":{\"@id\":\"https:\/\/www.subdeco.com\/bati\/#\/schema\/logo\/image\/\"},\"sameAs\":[\"https:\/\/www.linkedin.com\/company\/subdeco\"]}]}<\/script>\n<!-- \/ Yoast SEO plugin. -->","yoast_head_json":{"title":"Monteur Poseur de Rails et Stores H\/F | SubD\u00e9co B\u00e2ti","description":"Vous avez envie de rejoindre une PME en plein d\u00e9veloppement ? Nous recherchons un nouveau : Conducteur de Travaux Principal.","robots":{"index":"index","follow":"follow","max-snippet":"max-snippet:-1","max-image-preview":"max-image-preview:large","max-video-preview":"max-video-preview:-1"},"canonical":"https:\/\/www.subdeco.com\/bati\/nous-rejoindre\/monteur-poseur-de-rails-et-stores-h-f\/","og_locale":"fr_FR","og_type":"article","og_title":"Monteur Poseur de Rails et Stores H\/F | SubD\u00e9co B\u00e2ti","og_description":"Vous avez envie de rejoindre une PME en plein d\u00e9veloppement ? Nous recherchons un nouveau : Conducteur de Travaux Principal.","og_url":"https:\/\/www.subdeco.com\/bati\/nous-rejoindre\/monteur-poseur-de-rails-et-stores-h-f\/","og_site_name":"Subd\u00e9co - B\u00e2ti","article_modified_time":"2026-02-12T08:25:45+00:00","og_image":[{"width":495,"height":370,"url":"https:\/\/www.subdeco.com\/bati\/wp-content\/uploads\/sites\/2\/2020\/12\/SD_BATI_Services_Pose.jpg","type":"image\/jpeg"}],"twitter_card":"summary_large_image","twitter_misc":{"Dur\u00e9e de lecture estim\u00e9e":"2 minutes"},"schema":{"@context":"https:\/\/schema.org","@graph":[{"@type":"WebPage","@id":"https:\/\/www.subdeco.com\/bati\/nous-rejoindre\/monteur-poseur-de-rails-et-stores-h-f\/","url":"https:\/\/www.subdeco.com\/bati\/nous-rejoindre\/monteur-poseur-de-rails-et-stores-h-f\/","name":"Monteur Poseur de Rails et Stores H\/F | SubD\u00e9co B\u00e2ti","isPartOf":{"@id":"https:\/\/www.subdeco.com\/bati\/#website"},"primaryImageOfPage":{"@id":"https:\/\/www.subdeco.com\/bati\/nous-rejoindre\/monteur-poseur-de-rails-et-stores-h-f\/#primaryimage"},"image":{"@id":"https:\/\/www.subdeco.com\/bati\/nous-rejoindre\/monteur-poseur-de-rails-et-stores-h-f\/#primaryimage"},"thumbnailUrl":"https:\/\/www.subdeco.com\/bati\/wp-content\/uploads\/sites\/2\/2020\/12\/SD_BATI_Services_Pose.jpg","datePublished":"2023-02-01T14:37:26+00:00","dateModified":"2026-02-12T08:25:45+00:00","description":"Vous avez envie de rejoindre une PME en plein d\u00e9veloppement ? Nous recherchons un nouveau : Conducteur de Travaux Principal.","breadcrumb":{"@id":"https:\/\/www.subdeco.com\/bati\/nous-rejoindre\/monteur-poseur-de-rails-et-stores-h-f\/#breadcrumb"},"inLanguage":"fr-FR","potentialAction":[{"@type":"ReadAction","target":["https:\/\/www.subdeco.com\/bati\/nous-rejoindre\/monteur-poseur-de-rails-et-stores-h-f\/"]}]},{"@type":"ImageObject","inLanguage":"fr-FR","@id":"https:\/\/www.subdeco.com\/bati\/nous-rejoindre\/monteur-poseur-de-rails-et-stores-h-f\/#primaryimage","url":"https:\/\/www.subdeco.com\/bati\/wp-content\/uploads\/sites\/2\/2020\/12\/SD_BATI_Services_Pose.jpg","contentUrl":"https:\/\/www.subdeco.com\/bati\/wp-content\/uploads\/sites\/2\/2020\/12\/SD_BATI_Services_Pose.jpg","width":495,"height":370,"caption":"Monteur poseur"},{"@type":"BreadcrumbList","@id":"https:\/\/www.subdeco.com\/bati\/nous-rejoindre\/monteur-poseur-de-rails-et-stores-h-f\/#breadcrumb","itemListElement":[{"@type":"ListItem","position":1,"name":"Accueil","item":"https:\/\/www.subdeco.com\/bati\/"},{"@type":"ListItem","position":2,"name":"Nous rejoindre","item":"https:\/\/www.subdeco.com\/bati\/nous-rejoindre\/"},{"@type":"ListItem","position":3,"name":"Monteur Poseur de Rails et Stores H\/F"}]},{"@type":"WebSite","@id":"https:\/\/www.subdeco.com\/bati\/#website","url":"https:\/\/www.subdeco.com\/bati\/","name":"SubD\u00e9co","description":"Conception sur-mesure de solution textile et protection solaire","publisher":{"@id":"https:\/\/www.subdeco.com\/bati\/#organization"},"alternateName":"SubD\u00e9co - B\u00e2ti","potentialAction":[{"@type":"SearchAction","target":{"@type":"EntryPoint","urlTemplate":"https:\/\/www.subdeco.com\/bati\/?s={search_term_string}"},"query-input":{"@type":"PropertyValueSpecification","valueRequired":true,"valueName":"search_term_string"}}],"inLanguage":"fr-FR"},{"@type":"Organization","@id":"https:\/\/www.subdeco.com\/bati\/#organization","name":"SubD\u00e9co","alternateName":"SubD\u00e9co - B\u00e2ti","url":"https:\/\/www.subdeco.com\/bati\/","logo":{"@type":"ImageObject","inLanguage":"fr-FR","@id":"https:\/\/www.subdeco.com\/bati\/#\/schema\/logo\/image\/","url":"https:\/\/www.subdeco.com\/bati\/wp-content\/uploads\/sites\/2\/2021\/02\/shutterstock_236721541-comp.jpg","contentUrl":"https:\/\/www.subdeco.com\/bati\/wp-content\/uploads\/sites\/2\/2021\/02\/shutterstock_236721541-comp.jpg","width":1500,"height":1000,"caption":"SubD\u00e9co"},"image":{"@id":"https:\/\/www.subdeco.com\/bati\/#\/schema\/logo\/image\/"},"sameAs":["https:\/\/www.linkedin.com\/company\/subdeco"]}]}},"_links":{"self":[{"href":"https:\/\/www.subdeco.com\/bati\/wp-json\/wp\/v2\/pages\/3143","targetHints":{"allow":["GET"]}}],"collection":[{"href":"https:\/\/www.subdeco.com\/bati\/wp-json\/wp\/v2\/pages"}],"about":[{"href":"https:\/\/www.subdeco.com\/bati\/wp-json\/wp\/v2\/types\/page"}],"author":[{"embeddable":true,"href":"https:\/\/www.subdeco.com\/bati\/wp-json\/wp\/v2\/users\/428"}],"replies":[{"embeddable":true,"href":"https:\/\/www.subdeco.com\/bati\/wp-json\/wp\/v2\/comments?post=3143"}],"version-history":[{"count":5,"href":"https:\/\/www.subdeco.com\/bati\/wp-json\/wp\/v2\/pages\/3143\/revisions"}],"predecessor-version":[{"id":3535,"href":"https:\/\/www.subdeco.com\/bati\/wp-json\/wp\/v2\/pages\/3143\/revisions\/3535"}],"up":[{"embeddable":true,"href":"https:\/\/www.subdeco.com\/bati\/wp-json\/wp\/v2\/pages\/3083"}],"wp:featuredmedia":[{"embeddable":true,"href":"https:\/\/www.subdeco.com\/bati\/wp-json\/wp\/v2\/media\/359"}],"wp:attachment":[{"href":"https:\/\/www.subdeco.com\/bati\/wp-json\/wp\/v2\/media?parent=3143"}],"curies":[{"name":"wp","href":"https:\/\/api.w.org\/{rel}","templated":true}]}}