{"id":573,"date":"2020-12-23T16:32:09","date_gmt":"2020-12-23T15:32:09","guid":{"rendered":"https:\/\/www.subdeco.com\/batiment\/?page_id=573"},"modified":"2026-02-12T09:21:39","modified_gmt":"2026-02-12T08:21:39","slug":"nos-telechargements","status":"publish","type":"page","link":"https:\/\/www.subdeco.com\/bati\/nos-telechargements\/","title":{"rendered":"Nos t\u00e9l\u00e9chargements"},"content":{"rendered":"\n<p>Subd\u00e9co vous apporte toute la documentation n\u00e9cessaire \u00e0 la compr\u00e9hension et \u00e0 l\u2019utilisation de ses produits. Nuancier de couleur, bons de commande ou documents techniques, vous trouverez ici l&#8217;ensemble des informations utiles \u00e0 l\u2019\u00e9laboration de chacun de vos projets.<\/p>\n","protected":false},"excerpt":{"rendered":"<p>Subd\u00e9co vous apporte toute la documentation n\u00e9cessaire \u00e0 la compr\u00e9hension et \u00e0 l\u2019utilisation de ses produits. Nuancier de couleur, bons de commande ou documents techniques, vous trouverez ici l&#8217;ensemble des&#8230;<\/p>\n","protected":false},"author":1,"featured_media":0,"parent":0,"menu_order":0,"comment_status":"closed","ping_status":"closed","template":"telechargements.php","meta":{"footnotes":""},"class_list":["post-573","page","type-page","status-publish"],"yoast_head":"<!-- This site is optimized with the Yoast SEO plugin v26.9 - https:\/\/yoast.com\/product\/yoast-seo-wordpress\/ -->\n<title>Nos t\u00e9l\u00e9chargements | SubD\u00e9co B\u00e2ti<\/title>\n<meta name=\"description\" content=\"Subd\u00e9co vous apporte toute la documentation n\u00e9cessaire \u00e0 la compr\u00e9hension et \u00e0 l\u2019utilisation de ses produits B\u00e2ti.\" \/>\n<meta name=\"robots\" content=\"index, follow, max-snippet:-1, max-image-preview:large, max-video-preview:-1\" \/>\n<link rel=\"canonical\" href=\"https:\/\/www.subdeco.com\/bati\/nos-telechargements\/\" \/>\n<meta property=\"og:locale\" content=\"fr_FR\" \/>\n<meta property=\"og:type\" content=\"article\" \/>\n<meta property=\"og:title\" content=\"Nos t\u00e9l\u00e9chargements | SubD\u00e9co B\u00e2ti\" \/>\n<meta property=\"og:description\" content=\"Subd\u00e9co vous apporte toute la documentation n\u00e9cessaire \u00e0 la compr\u00e9hension et \u00e0 l\u2019utilisation de ses produits B\u00e2ti.\" \/>\n<meta property=\"og:url\" content=\"https:\/\/www.subdeco.com\/bati\/nos-telechargements\/\" \/>\n<meta property=\"og:site_name\" content=\"Subd\u00e9co - B\u00e2ti\" \/>\n<meta property=\"article:modified_time\" content=\"2026-02-12T08:21:39+00:00\" \/>\n<meta property=\"og:image\" content=\"https:\/\/www.subdeco.com\/bati\/wp-content\/uploads\/sites\/2\/2021\/02\/shutterstock_236721541-comp.jpg\" \/>\n\t<meta property=\"og:image:width\" content=\"1500\" \/>\n\t<meta property=\"og:image:height\" content=\"1000\" \/>\n\t<meta property=\"og:image:type\" content=\"image\/jpeg\" \/>\n<meta name=\"twitter:card\" content=\"summary_large_image\" \/>\n<meta name=\"twitter:label1\" content=\"Dur\u00e9e de lecture estim\u00e9e\" \/>\n\t<meta name=\"twitter:data1\" content=\"1 minute\" \/>\n<script type=\"application\/ld+json\" class=\"yoast-schema-graph\">{\"@context\":\"https:\/\/schema.org\",\"@graph\":[{\"@type\":\"WebPage\",\"@id\":\"https:\/\/www.subdeco.com\/bati\/nos-telechargements\/\",\"url\":\"https:\/\/www.subdeco.com\/bati\/nos-telechargements\/\",\"name\":\"Nos t\u00e9l\u00e9chargements | SubD\u00e9co B\u00e2ti\",\"isPartOf\":{\"@id\":\"https:\/\/www.subdeco.com\/bati\/#website\"},\"datePublished\":\"2020-12-23T15:32:09+00:00\",\"dateModified\":\"2026-02-12T08:21:39+00:00\",\"description\":\"Subd\u00e9co vous apporte toute la documentation n\u00e9cessaire \u00e0 la compr\u00e9hension et \u00e0 l\u2019utilisation de ses produits B\u00e2ti.\",\"breadcrumb\":{\"@id\":\"https:\/\/www.subdeco.com\/bati\/nos-telechargements\/#breadcrumb\"},\"inLanguage\":\"fr-FR\",\"potentialAction\":[{\"@type\":\"ReadAction\",\"target\":[\"https:\/\/www.subdeco.com\/bati\/nos-telechargements\/\"]}]},{\"@type\":\"BreadcrumbList\",\"@id\":\"https:\/\/www.subdeco.com\/bati\/nos-telechargements\/#breadcrumb\",\"itemListElement\":[{\"@type\":\"ListItem\",\"position\":1,\"name\":\"Accueil\",\"item\":\"https:\/\/www.subdeco.com\/bati\/\"},{\"@type\":\"ListItem\",\"position\":2,\"name\":\"Nos t\u00e9l\u00e9chargements\"}]},{\"@type\":\"WebSite\",\"@id\":\"https:\/\/www.subdeco.com\/bati\/#website\",\"url\":\"https:\/\/www.subdeco.com\/bati\/\",\"name\":\"SubD\u00e9co\",\"description\":\"Conception sur-mesure de solution textile et protection solaire\",\"publisher\":{\"@id\":\"https:\/\/www.subdeco.com\/bati\/#organization\"},\"alternateName\":\"SubD\u00e9co - B\u00e2ti\",\"potentialAction\":[{\"@type\":\"SearchAction\",\"target\":{\"@type\":\"EntryPoint\",\"urlTemplate\":\"https:\/\/www.subdeco.com\/bati\/?s={search_term_string}\"},\"query-input\":{\"@type\":\"PropertyValueSpecification\",\"valueRequired\":true,\"valueName\":\"search_term_string\"}}],\"inLanguage\":\"fr-FR\"},{\"@type\":\"Organization\",\"@id\":\"https:\/\/www.subdeco.com\/bati\/#organization\",\"name\":\"SubD\u00e9co\",\"alternateName\":\"SubD\u00e9co - B\u00e2ti\",\"url\":\"https:\/\/www.subdeco.com\/bati\/\",\"logo\":{\"@type\":\"ImageObject\",\"inLanguage\":\"fr-FR\",\"@id\":\"https:\/\/www.subdeco.com\/bati\/#\/schema\/logo\/image\/\",\"url\":\"https:\/\/www.subdeco.com\/bati\/wp-content\/uploads\/sites\/2\/2021\/02\/shutterstock_236721541-comp.jpg\",\"contentUrl\":\"https:\/\/www.subdeco.com\/bati\/wp-content\/uploads\/sites\/2\/2021\/02\/shutterstock_236721541-comp.jpg\",\"width\":1500,\"height\":1000,\"caption\":\"SubD\u00e9co\"},\"image\":{\"@id\":\"https:\/\/www.subdeco.com\/bati\/#\/schema\/logo\/image\/\"},\"sameAs\":[\"https:\/\/www.linkedin.com\/company\/subdeco\"]}]}<\/script>\n<!-- \/ Yoast SEO plugin. -->","yoast_head_json":{"title":"Nos t\u00e9l\u00e9chargements | SubD\u00e9co B\u00e2ti","description":"Subd\u00e9co vous apporte toute la documentation n\u00e9cessaire \u00e0 la compr\u00e9hension et \u00e0 l\u2019utilisation de ses produits B\u00e2ti.","robots":{"index":"index","follow":"follow","max-snippet":"max-snippet:-1","max-image-preview":"max-image-preview:large","max-video-preview":"max-video-preview:-1"},"canonical":"https:\/\/www.subdeco.com\/bati\/nos-telechargements\/","og_locale":"fr_FR","og_type":"article","og_title":"Nos t\u00e9l\u00e9chargements | SubD\u00e9co B\u00e2ti","og_description":"Subd\u00e9co vous apporte toute la documentation n\u00e9cessaire \u00e0 la compr\u00e9hension et \u00e0 l\u2019utilisation de ses produits B\u00e2ti.","og_url":"https:\/\/www.subdeco.com\/bati\/nos-telechargements\/","og_site_name":"Subd\u00e9co - B\u00e2ti","article_modified_time":"2026-02-12T08:21:39+00:00","og_image":[{"width":1500,"height":1000,"url":"https:\/\/www.subdeco.com\/bati\/wp-content\/uploads\/sites\/2\/2021\/02\/shutterstock_236721541-comp.jpg","type":"image\/jpeg"}],"twitter_card":"summary_large_image","twitter_misc":{"Dur\u00e9e de lecture estim\u00e9e":"1 minute"},"schema":{"@context":"https:\/\/schema.org","@graph":[{"@type":"WebPage","@id":"https:\/\/www.subdeco.com\/bati\/nos-telechargements\/","url":"https:\/\/www.subdeco.com\/bati\/nos-telechargements\/","name":"Nos t\u00e9l\u00e9chargements | SubD\u00e9co B\u00e2ti","isPartOf":{"@id":"https:\/\/www.subdeco.com\/bati\/#website"},"datePublished":"2020-12-23T15:32:09+00:00","dateModified":"2026-02-12T08:21:39+00:00","description":"Subd\u00e9co vous apporte toute la documentation n\u00e9cessaire \u00e0 la compr\u00e9hension et \u00e0 l\u2019utilisation de ses produits B\u00e2ti.","breadcrumb":{"@id":"https:\/\/www.subdeco.com\/bati\/nos-telechargements\/#breadcrumb"},"inLanguage":"fr-FR","potentialAction":[{"@type":"ReadAction","target":["https:\/\/www.subdeco.com\/bati\/nos-telechargements\/"]}]},{"@type":"BreadcrumbList","@id":"https:\/\/www.subdeco.com\/bati\/nos-telechargements\/#breadcrumb","itemListElement":[{"@type":"ListItem","position":1,"name":"Accueil","item":"https:\/\/www.subdeco.com\/bati\/"},{"@type":"ListItem","position":2,"name":"Nos t\u00e9l\u00e9chargements"}]},{"@type":"WebSite","@id":"https:\/\/www.subdeco.com\/bati\/#website","url":"https:\/\/www.subdeco.com\/bati\/","name":"SubD\u00e9co","description":"Conception sur-mesure de solution textile et protection solaire","publisher":{"@id":"https:\/\/www.subdeco.com\/bati\/#organization"},"alternateName":"SubD\u00e9co - B\u00e2ti","potentialAction":[{"@type":"SearchAction","target":{"@type":"EntryPoint","urlTemplate":"https:\/\/www.subdeco.com\/bati\/?s={search_term_string}"},"query-input":{"@type":"PropertyValueSpecification","valueRequired":true,"valueName":"search_term_string"}}],"inLanguage":"fr-FR"},{"@type":"Organization","@id":"https:\/\/www.subdeco.com\/bati\/#organization","name":"SubD\u00e9co","alternateName":"SubD\u00e9co - B\u00e2ti","url":"https:\/\/www.subdeco.com\/bati\/","logo":{"@type":"ImageObject","inLanguage":"fr-FR","@id":"https:\/\/www.subdeco.com\/bati\/#\/schema\/logo\/image\/","url":"https:\/\/www.subdeco.com\/bati\/wp-content\/uploads\/sites\/2\/2021\/02\/shutterstock_236721541-comp.jpg","contentUrl":"https:\/\/www.subdeco.com\/bati\/wp-content\/uploads\/sites\/2\/2021\/02\/shutterstock_236721541-comp.jpg","width":1500,"height":1000,"caption":"SubD\u00e9co"},"image":{"@id":"https:\/\/www.subdeco.com\/bati\/#\/schema\/logo\/image\/"},"sameAs":["https:\/\/www.linkedin.com\/company\/subdeco"]}]}},"_links":{"self":[{"href":"https:\/\/www.subdeco.com\/bati\/wp-json\/wp\/v2\/pages\/573","targetHints":{"allow":["GET"]}}],"collection":[{"href":"https:\/\/www.subdeco.com\/bati\/wp-json\/wp\/v2\/pages"}],"about":[{"href":"https:\/\/www.subdeco.com\/bati\/wp-json\/wp\/v2\/types\/page"}],"author":[{"embeddable":true,"href":"https:\/\/www.subdeco.com\/bati\/wp-json\/wp\/v2\/users\/1"}],"replies":[{"embeddable":true,"href":"https:\/\/www.subdeco.com\/bati\/wp-json\/wp\/v2\/comments?post=573"}],"version-history":[{"count":2,"href":"https:\/\/www.subdeco.com\/bati\/wp-json\/wp\/v2\/pages\/573\/revisions"}],"predecessor-version":[{"id":1046,"href":"https:\/\/www.subdeco.com\/bati\/wp-json\/wp\/v2\/pages\/573\/revisions\/1046"}],"wp:attachment":[{"href":"https:\/\/www.subdeco.com\/bati\/wp-json\/wp\/v2\/media?parent=573"}],"curies":[{"name":"wp","href":"https:\/\/api.w.org\/{rel}","templated":true}]}}