{"id":1218,"date":"2020-12-27T13:39:05","date_gmt":"2020-12-27T12:39:05","guid":{"rendered":"https:\/\/subdeco.com\/password-reset\/"},"modified":"2025-07-23T09:30:24","modified_gmt":"2025-07-23T07:30:24","slug":"password-reset","status":"publish","type":"page","link":"https:\/\/www.subdeco.com\/deco\/password-reset\/","title":{"rendered":"R\u00e9initialisation du mot de passe"},"content":{"rendered":"\n<div class=\"um um-password um-um_password_id\">\n\t<div class=\"um-form\">\n\t\t<form method=\"post\" action=\"\">\n\t\t\t\n\t\t\t\t<input type=\"hidden\" name=\"_um_password_reset\" id=\"_um_password_reset\" value=\"1\" \/>\n\n\t\t\t\t\t\t\t\t\t<div class=\"um-field um-field-block um-field-type_block\">\n\t\t\t\t\t\t<div class=\"um-field-block\">\n\t\t\t\t\t\t\t<div style=\"text-align:center;\">\n\t\t\t\t\t\t\t\tPour r\u00e9initialiser votre mot de passe, veuillez saisir votre adresse de messagerie ou votre identifiant ci-dessous\t\t\t\t\t\t\t<\/div>\n\t\t\t\t\t\t<\/div>\n\t\t\t\t\t<\/div>\n\t\t\t\t<div  id=\"um_field_um_password_id_username_b\" class=\"um-field um-field-text  um-field-username_b um-field-text um-field-type_text\" data-key=\"username_b\"><div class=\"um-field-area\"><input  autocomplete=\"off\" class=\"um-form-field valid \" type=\"text\" name=\"username_b\" id=\"username_b\" value=\"\" placeholder=\"Saisissez votre identifiant ou votre e-mail\" data-validate=\"\" data-key=\"username_b\" \/>\n\n\t\t\t\t\t\t<\/div><\/div>\n\t\t\t\t<div class=\"um-col-alt um-col-alt-b\">\n\n\t\t\t\t\t<div class=\"um-center\">\n\t\t\t\t\t\t<input type=\"submit\" value=\"R\u00e9initialiser mon mot de passe\" class=\"um-button\" id=\"um-submit-btn\" \/>\n\t\t\t\t\t<\/div>\n\n\t\t\t\t\t<div class=\"um-clear\"><\/div>\n\n\t\t\t\t<\/div>\n\n\t\t\t\t\t\t<input type=\"hidden\" name=\"form_id\" id=\"form_id_um_password_id\" value=\"um_password_id\" \/>\n\t\n\t<p class=\"um_request_name\">\n\t\t<label for=\"um_request_um_password_id\">Only fill in if you are not human<\/label>\n\t\t<input type=\"hidden\" name=\"um_request\" id=\"um_request_um_password_id\" class=\"input\" value=\"\" size=\"25\" autocomplete=\"off\" \/>\n\t<\/p>\n\n\t\t\t<\/form>\n\t<\/div>\n<\/div><style type=\"text\/css\">\n.um-um_password_id.um {\n\tmax-width: 450px;\n}<\/style>\n\n","protected":false},"excerpt":{"rendered":"Pour r\u00e9initialiser votre mot de passe, veuillez saisir votre adresse de messagerie ou votre identifiant ci-dessous Only fill in if you are not human","protected":false},"author":1,"featured_media":0,"parent":0,"menu_order":0,"comment_status":"closed","ping_status":"closed","template":"","meta":{"footnotes":""},"class_list":["post-1218","page","type-page","status-publish"],"yoast_head":"<!-- This site is optimized with the Yoast SEO plugin v26.9 - https:\/\/yoast.com\/product\/yoast-seo-wordpress\/ -->\n<title>R\u00e9initialisation du mot de passe | SubD\u00e9co D\u00e9co<\/title>\n<meta name=\"robots\" content=\"noindex, nofollow\" \/>\n<meta property=\"og:locale\" content=\"fr_FR\" \/>\n<meta property=\"og:type\" content=\"article\" \/>\n<meta property=\"og:title\" content=\"R\u00e9initialisation du mot de passe | SubD\u00e9co D\u00e9co\" \/>\n<meta property=\"og:url\" content=\"https:\/\/www.subdeco.com\/deco\/password-reset\/\" \/>\n<meta property=\"og:site_name\" content=\"Subd\u00e9co - D\u00e9co\" \/>\n<meta property=\"article:modified_time\" content=\"2025-07-23T07:30:24+00:00\" \/>\n<meta property=\"og:image\" content=\"https:\/\/www.subdeco.com\/deco\/wp-content\/uploads\/2021\/03\/shutterstock_1832015656-comp.jpg\" \/>\n\t<meta property=\"og:image:width\" content=\"1500\" \/>\n\t<meta property=\"og:image:height\" content=\"1001\" \/>\n\t<meta property=\"og:image:type\" content=\"image\/jpeg\" \/>\n<meta name=\"twitter:card\" content=\"summary_large_image\" \/>\n<meta name=\"twitter:label1\" content=\"Dur\u00e9e de lecture estim\u00e9e\" \/>\n\t<meta name=\"twitter:data1\" content=\"1 minute\" \/>\n<script type=\"application\/ld+json\" class=\"yoast-schema-graph\">{\"@context\":\"https:\/\/schema.org\",\"@graph\":[{\"@type\":\"WebPage\",\"@id\":\"https:\/\/www.subdeco.com\/deco\/password-reset\/\",\"url\":\"https:\/\/www.subdeco.com\/deco\/password-reset\/\",\"name\":\"R\u00e9initialisation du mot de passe | SubD\u00e9co D\u00e9co\",\"isPartOf\":{\"@id\":\"https:\/\/www.subdeco.com\/deco\/#website\"},\"datePublished\":\"2020-12-27T12:39:05+00:00\",\"dateModified\":\"2025-07-23T07:30:24+00:00\",\"breadcrumb\":{\"@id\":\"https:\/\/www.subdeco.com\/deco\/password-reset\/#breadcrumb\"},\"inLanguage\":\"fr-FR\",\"potentialAction\":[{\"@type\":\"ReadAction\",\"target\":[\"https:\/\/www.subdeco.com\/deco\/password-reset\/\"]}]},{\"@type\":\"BreadcrumbList\",\"@id\":\"https:\/\/www.subdeco.com\/deco\/password-reset\/#breadcrumb\",\"itemListElement\":[{\"@type\":\"ListItem\",\"position\":1,\"name\":\"Accueil\",\"item\":\"https:\/\/www.subdeco.com\/deco\/\"},{\"@type\":\"ListItem\",\"position\":2,\"name\":\"R\u00e9initialisation du mot de passe\"}]},{\"@type\":\"WebSite\",\"@id\":\"https:\/\/www.subdeco.com\/deco\/#website\",\"url\":\"https:\/\/www.subdeco.com\/deco\/\",\"name\":\"SubD\u00e9co\",\"description\":\"Fournitures tissus rails et stores pour cr\u00e9er vos int\u00e9rieurs textile.\",\"publisher\":{\"@id\":\"https:\/\/www.subdeco.com\/deco\/#organization\"},\"alternateName\":\"SubD\u00e9co - D\u00e9co\",\"potentialAction\":[{\"@type\":\"SearchAction\",\"target\":{\"@type\":\"EntryPoint\",\"urlTemplate\":\"https:\/\/www.subdeco.com\/deco\/?s={search_term_string}\"},\"query-input\":{\"@type\":\"PropertyValueSpecification\",\"valueRequired\":true,\"valueName\":\"search_term_string\"}}],\"inLanguage\":\"fr-FR\"},{\"@type\":\"Organization\",\"@id\":\"https:\/\/www.subdeco.com\/deco\/#organization\",\"name\":\"SubD\u00e9co\",\"alternateName\":\"SubD\u00e9co - D\u00e9co\",\"url\":\"https:\/\/www.subdeco.com\/deco\/\",\"logo\":{\"@type\":\"ImageObject\",\"inLanguage\":\"fr-FR\",\"@id\":\"https:\/\/www.subdeco.com\/deco\/#\/schema\/logo\/image\/\",\"url\":\"https:\/\/www.subdeco.com\/deco\/wp-content\/uploads\/2021\/03\/shutterstock_1832015656-comp.jpg\",\"contentUrl\":\"https:\/\/www.subdeco.com\/deco\/wp-content\/uploads\/2021\/03\/shutterstock_1832015656-comp.jpg\",\"width\":1500,\"height\":1001,\"caption\":\"SubD\u00e9co\"},\"image\":{\"@id\":\"https:\/\/www.subdeco.com\/deco\/#\/schema\/logo\/image\/\"},\"sameAs\":[\"https:\/\/www.linkedin.com\/company\/subdeco\"]}]}<\/script>\n<!-- \/ Yoast SEO plugin. -->","yoast_head_json":{"title":"R\u00e9initialisation du mot de passe | SubD\u00e9co D\u00e9co","robots":{"index":"noindex","follow":"nofollow"},"og_locale":"fr_FR","og_type":"article","og_title":"R\u00e9initialisation du mot de passe | SubD\u00e9co D\u00e9co","og_url":"https:\/\/www.subdeco.com\/deco\/password-reset\/","og_site_name":"Subd\u00e9co - D\u00e9co","article_modified_time":"2025-07-23T07:30:24+00:00","og_image":[{"width":1500,"height":1001,"url":"https:\/\/www.subdeco.com\/deco\/wp-content\/uploads\/2021\/03\/shutterstock_1832015656-comp.jpg","type":"image\/jpeg"}],"twitter_card":"summary_large_image","twitter_misc":{"Dur\u00e9e de lecture estim\u00e9e":"1 minute"},"schema":{"@context":"https:\/\/schema.org","@graph":[{"@type":"WebPage","@id":"https:\/\/www.subdeco.com\/deco\/password-reset\/","url":"https:\/\/www.subdeco.com\/deco\/password-reset\/","name":"R\u00e9initialisation du mot de passe | SubD\u00e9co D\u00e9co","isPartOf":{"@id":"https:\/\/www.subdeco.com\/deco\/#website"},"datePublished":"2020-12-27T12:39:05+00:00","dateModified":"2025-07-23T07:30:24+00:00","breadcrumb":{"@id":"https:\/\/www.subdeco.com\/deco\/password-reset\/#breadcrumb"},"inLanguage":"fr-FR","potentialAction":[{"@type":"ReadAction","target":["https:\/\/www.subdeco.com\/deco\/password-reset\/"]}]},{"@type":"BreadcrumbList","@id":"https:\/\/www.subdeco.com\/deco\/password-reset\/#breadcrumb","itemListElement":[{"@type":"ListItem","position":1,"name":"Accueil","item":"https:\/\/www.subdeco.com\/deco\/"},{"@type":"ListItem","position":2,"name":"R\u00e9initialisation du mot de passe"}]},{"@type":"WebSite","@id":"https:\/\/www.subdeco.com\/deco\/#website","url":"https:\/\/www.subdeco.com\/deco\/","name":"SubD\u00e9co","description":"Fournitures tissus rails et stores pour cr\u00e9er vos int\u00e9rieurs textile.","publisher":{"@id":"https:\/\/www.subdeco.com\/deco\/#organization"},"alternateName":"SubD\u00e9co - D\u00e9co","potentialAction":[{"@type":"SearchAction","target":{"@type":"EntryPoint","urlTemplate":"https:\/\/www.subdeco.com\/deco\/?s={search_term_string}"},"query-input":{"@type":"PropertyValueSpecification","valueRequired":true,"valueName":"search_term_string"}}],"inLanguage":"fr-FR"},{"@type":"Organization","@id":"https:\/\/www.subdeco.com\/deco\/#organization","name":"SubD\u00e9co","alternateName":"SubD\u00e9co - D\u00e9co","url":"https:\/\/www.subdeco.com\/deco\/","logo":{"@type":"ImageObject","inLanguage":"fr-FR","@id":"https:\/\/www.subdeco.com\/deco\/#\/schema\/logo\/image\/","url":"https:\/\/www.subdeco.com\/deco\/wp-content\/uploads\/2021\/03\/shutterstock_1832015656-comp.jpg","contentUrl":"https:\/\/www.subdeco.com\/deco\/wp-content\/uploads\/2021\/03\/shutterstock_1832015656-comp.jpg","width":1500,"height":1001,"caption":"SubD\u00e9co"},"image":{"@id":"https:\/\/www.subdeco.com\/deco\/#\/schema\/logo\/image\/"},"sameAs":["https:\/\/www.linkedin.com\/company\/subdeco"]}]}},"_links":{"self":[{"href":"https:\/\/www.subdeco.com\/deco\/wp-json\/wp\/v2\/pages\/1218","targetHints":{"allow":["GET"]}}],"collection":[{"href":"https:\/\/www.subdeco.com\/deco\/wp-json\/wp\/v2\/pages"}],"about":[{"href":"https:\/\/www.subdeco.com\/deco\/wp-json\/wp\/v2\/types\/page"}],"author":[{"embeddable":true,"href":"https:\/\/www.subdeco.com\/deco\/wp-json\/wp\/v2\/users\/1"}],"replies":[{"embeddable":true,"href":"https:\/\/www.subdeco.com\/deco\/wp-json\/wp\/v2\/comments?post=1218"}],"version-history":[{"count":1,"href":"https:\/\/www.subdeco.com\/deco\/wp-json\/wp\/v2\/pages\/1218\/revisions"}],"predecessor-version":[{"id":5801,"href":"https:\/\/www.subdeco.com\/deco\/wp-json\/wp\/v2\/pages\/1218\/revisions\/5801"}],"wp:attachment":[{"href":"https:\/\/www.subdeco.com\/deco\/wp-json\/wp\/v2\/media?parent=1218"}],"curies":[{"name":"wp","href":"https:\/\/api.w.org\/{rel}","templated":true}]}}