{"id":3151,"date":"2021-03-18T21:06:51","date_gmt":"2021-03-18T20:06:51","guid":{"rendered":"https:\/\/subdeco.com\/?page_id=3151"},"modified":"2025-07-22T10:37:19","modified_gmt":"2025-07-22T08:37:19","slug":"inspirations","status":"publish","type":"page","link":"https:\/\/www.subdeco.com\/deco\/inspirations\/","title":{"rendered":"Inspirations &#8211; Actualit\u00e9"},"content":{"rendered":"[vc_row type=&#8221;in_container&#8221; full_screen_row_position=&#8221;middle&#8221; column_margin=&#8221;default&#8221; column_direction=&#8221;default&#8221; column_direction_tablet=&#8221;default&#8221; column_direction_phone=&#8221;default&#8221; scene_position=&#8221;center&#8221; text_color=&#8221;dark&#8221; text_align=&#8221;left&#8221; row_border_radius=&#8221;none&#8221; row_border_radius_applies=&#8221;bg&#8221; overlay_strength=&#8221;0.3&#8243; gradient_direction=&#8221;left_to_right&#8221; shape_divider_position=&#8221;bottom&#8221; bg_image_animation=&#8221;none&#8221;][vc_column column_padding=&#8221;no-extra-padding&#8221; column_padding_tablet=&#8221;inherit&#8221; column_padding_phone=&#8221;inherit&#8221; column_padding_position=&#8221;all&#8221; background_color_opacity=&#8221;1&#8243; background_hover_color_opacity=&#8221;1&#8243; column_shadow=&#8221;none&#8221; column_border_radius=&#8221;none&#8221; column_link_target=&#8221;_self&#8221; gradient_direction=&#8221;left_to_right&#8221; overlay_strength=&#8221;0.3&#8243; width=&#8221;1\/1&#8243; tablet_width_inherit=&#8221;default&#8221; tablet_text_alignment=&#8221;default&#8221; phone_text_alignment=&#8221;default&#8221; column_border_width=&#8221;none&#8221; column_border_style=&#8221;solid&#8221; bg_image_animation=&#8221;none&#8221;][vc_custom_heading text=&#8221;Inspirations&#8221; font_container=&#8221;tag:h1|text_align:left&#8221;][vc_column_text]\n<blockquote><p>Retrouvez toutes nos id\u00e9es et inspirations de d\u00e9coration, ainsi que les produits must have pour d\u00e9corer vos espaces int\u00e9rieurs. On partage bient\u00f4t avec vous les styles mode qui nous inspirent au quotidien.<\/p>\n<p><span style=\"color: #ff6600;\"><strong>PAGE EN COURS DE CONSTRUCTION<\/strong><\/span><\/p><\/blockquote>\n[\/vc_column_text][\/vc_column][\/vc_row][vc_row type=&#8221;in_container&#8221; full_screen_row_position=&#8221;middle&#8221; column_margin=&#8221;default&#8221; column_direction=&#8221;default&#8221; column_direction_tablet=&#8221;default&#8221; column_direction_phone=&#8221;default&#8221; scene_position=&#8221;center&#8221; text_color=&#8221;dark&#8221; text_align=&#8221;left&#8221; row_border_radius=&#8221;none&#8221; row_border_radius_applies=&#8221;bg&#8221; overlay_strength=&#8221;0.3&#8243; gradient_direction=&#8221;left_to_right&#8221; shape_divider_position=&#8221;bottom&#8221; bg_image_animation=&#8221;none&#8221;][vc_column column_padding=&#8221;no-extra-padding&#8221; column_padding_tablet=&#8221;inherit&#8221; column_padding_phone=&#8221;inherit&#8221; column_padding_position=&#8221;all&#8221; background_color_opacity=&#8221;1&#8243; background_hover_color_opacity=&#8221;1&#8243; column_shadow=&#8221;none&#8221; column_border_radius=&#8221;none&#8221; column_link_target=&#8221;_self&#8221; gradient_direction=&#8221;left_to_right&#8221; overlay_strength=&#8221;0.3&#8243; width=&#8221;1\/1&#8243; tablet_width_inherit=&#8221;default&#8221; tablet_text_alignment=&#8221;default&#8221; phone_text_alignment=&#8221;default&#8221; column_border_width=&#8221;none&#8221; column_border_style=&#8221;solid&#8221; bg_image_animation=&#8221;none&#8221;][vc_row_inner column_margin=&#8221;default&#8221; column_direction=&#8221;default&#8221; column_direction_tablet=&#8221;default&#8221; column_direction_phone=&#8221;default&#8221; text_align=&#8221;left&#8221;][\/vc_row_inner][\/vc_column][\/vc_row][vc_row type=&#8221;in_container&#8221; full_screen_row_position=&#8221;middle&#8221; column_margin=&#8221;default&#8221; column_direction=&#8221;default&#8221; column_direction_tablet=&#8221;default&#8221; column_direction_phone=&#8221;default&#8221; scene_position=&#8221;center&#8221; text_color=&#8221;dark&#8221; text_align=&#8221;left&#8221; row_border_radius=&#8221;none&#8221; row_border_radius_applies=&#8221;bg&#8221; overlay_strength=&#8221;0.3&#8243; gradient_direction=&#8221;left_to_right&#8221; shape_divider_position=&#8221;bottom&#8221; bg_image_animation=&#8221;none&#8221;][vc_column column_padding=&#8221;no-extra-padding&#8221; column_padding_tablet=&#8221;inherit&#8221; column_padding_phone=&#8221;inherit&#8221; column_padding_position=&#8221;all&#8221; background_color_opacity=&#8221;1&#8243; background_hover_color_opacity=&#8221;1&#8243; column_shadow=&#8221;none&#8221; column_border_radius=&#8221;none&#8221; column_link_target=&#8221;_self&#8221; gradient_direction=&#8221;left_to_right&#8221; overlay_strength=&#8221;0.3&#8243; width=&#8221;1\/1&#8243; tablet_width_inherit=&#8221;default&#8221; tablet_text_alignment=&#8221;default&#8221; phone_text_alignment=&#8221;default&#8221; column_border_width=&#8221;none&#8221; column_border_style=&#8221;solid&#8221; bg_image_animation=&#8221;none&#8221;][vc_gallery type=&#8221;nectarslider_style&#8221; images=&#8221;3019,3052,2571,3050,3037,2724,2654,2723,2659,3042&#8243; image_loading=&#8221;default&#8221; bullet_navigation_style=&#8221;see_through&#8221; onclick=&#8221;link_no&#8221;][\/vc_column][\/vc_row][vc_row type=&#8221;in_container&#8221; full_screen_row_position=&#8221;middle&#8221; column_margin=&#8221;default&#8221; column_direction=&#8221;default&#8221; column_direction_tablet=&#8221;default&#8221; column_direction_phone=&#8221;default&#8221; scene_position=&#8221;center&#8221; text_color=&#8221;dark&#8221; text_align=&#8221;left&#8221; row_border_radius=&#8221;none&#8221; row_border_radius_applies=&#8221;bg&#8221; overlay_strength=&#8221;0.3&#8243; gradient_direction=&#8221;left_to_right&#8221; shape_divider_position=&#8221;bottom&#8221; bg_image_animation=&#8221;none&#8221;][vc_column column_padding=&#8221;no-extra-padding&#8221; column_padding_tablet=&#8221;inherit&#8221; column_padding_phone=&#8221;inherit&#8221; column_padding_position=&#8221;all&#8221; background_color_opacity=&#8221;1&#8243; background_hover_color_opacity=&#8221;1&#8243; column_shadow=&#8221;none&#8221; column_border_radius=&#8221;none&#8221; column_link_target=&#8221;_self&#8221; gradient_direction=&#8221;left_to_right&#8221; overlay_strength=&#8221;0.3&#8243; width=&#8221;1\/1&#8243; tablet_width_inherit=&#8221;default&#8221; tablet_text_alignment=&#8221;default&#8221; phone_text_alignment=&#8221;default&#8221; column_border_width=&#8221;none&#8221; column_border_style=&#8221;solid&#8221; bg_image_animation=&#8221;none&#8221;][\/vc_column][\/vc_row]\n","protected":false},"excerpt":{"rendered":"<p>[vc_row type=&#8221;in_container&#8221; full_screen_row_position=&#8221;middle&#8221; column_margin=&#8221;default&#8221; column_direction=&#8221;default&#8221; column_direction_tablet=&#8221;default&#8221; column_direction_phone=&#8221;default&#8221; scene_position=&#8221;center&#8221; text_color=&#8221;dark&#8221; text_align=&#8221;left&#8221; row_border_radius=&#8221;none&#8221; row_border_radius_applies=&#8221;bg&#8221; overlay_strength=&#8221;0.3&#8243; gradient_direction=&#8221;left_to_right&#8221; shape_divider_position=&#8221;bottom&#8221; bg_image_animation=&#8221;none&#8221;][vc_column column_padding=&#8221;no-extra-padding&#8221; column_padding_tablet=&#8221;inherit&#8221; column_padding_phone=&#8221;inherit&#8221; column_padding_position=&#8221;all&#8221; background_color_opacity=&#8221;1&#8243; background_hover_color_opacity=&#8221;1&#8243; column_shadow=&#8221;none&#8221; column_border_radius=&#8221;none&#8221; column_link_target=&#8221;_self&#8221; gradient_direction=&#8221;left_to_right&#8221; overlay_strength=&#8221;0.3&#8243; width=&#8221;1\/1&#8243; tablet_width_inherit=&#8221;default&#8221; tablet_text_alignment=&#8221;default&#8221;&#8230;<\/p>\n","protected":false},"author":6,"featured_media":0,"parent":0,"menu_order":0,"comment_status":"closed","ping_status":"closed","template":"","meta":{"footnotes":""},"class_list":["post-3151","page","type-page","status-publish"],"yoast_head":"<!-- This site is optimized with the Yoast SEO plugin v26.9 - https:\/\/yoast.com\/product\/yoast-seo-wordpress\/ -->\n<title>Inspirations - Actualit\u00e9 | SubD\u00e9co D\u00e9co<\/title>\n<meta name=\"description\" content=\"Retrouvez toutes nos id\u00e9es et inspirations de d\u00e9coration, ainsi que les produits must have pour d\u00e9corer vos espaces int\u00e9rieurs.\" \/>\n<meta name=\"robots\" content=\"index, follow, max-snippet:-1, max-image-preview:large, max-video-preview:-1\" \/>\n<link rel=\"canonical\" href=\"https:\/\/www.subdeco.com\/deco\/inspirations\/\" \/>\n<meta property=\"og:locale\" content=\"fr_FR\" \/>\n<meta property=\"og:type\" content=\"article\" \/>\n<meta property=\"og:title\" content=\"Inspirations - Actualit\u00e9 | SubD\u00e9co D\u00e9co\" \/>\n<meta property=\"og:description\" content=\"Retrouvez toutes nos id\u00e9es et inspirations de d\u00e9coration, ainsi que les produits must have pour d\u00e9corer vos espaces int\u00e9rieurs.\" \/>\n<meta property=\"og:url\" content=\"https:\/\/www.subdeco.com\/deco\/inspirations\/\" \/>\n<meta property=\"og:site_name\" content=\"Subd\u00e9co - D\u00e9co\" \/>\n<meta property=\"article:modified_time\" content=\"2025-07-22T08:37:19+00:00\" \/>\n<meta property=\"og:image\" content=\"https:\/\/www.subdeco.com\/deco\/wp-content\/uploads\/2021\/03\/shutterstock_1832015656-comp.jpg\" \/>\n\t<meta property=\"og:image:width\" content=\"1500\" \/>\n\t<meta property=\"og:image:height\" content=\"1001\" \/>\n\t<meta property=\"og:image:type\" content=\"image\/jpeg\" \/>\n<meta name=\"twitter:card\" content=\"summary_large_image\" \/>\n<meta name=\"twitter:label1\" content=\"Dur\u00e9e de lecture estim\u00e9e\" \/>\n\t<meta name=\"twitter:data1\" content=\"3 minutes\" \/>\n<script type=\"application\/ld+json\" class=\"yoast-schema-graph\">{\"@context\":\"https:\/\/schema.org\",\"@graph\":[{\"@type\":\"WebPage\",\"@id\":\"https:\/\/www.subdeco.com\/deco\/inspirations\/\",\"url\":\"https:\/\/www.subdeco.com\/deco\/inspirations\/\",\"name\":\"Inspirations - Actualit\u00e9 | SubD\u00e9co D\u00e9co\",\"isPartOf\":{\"@id\":\"https:\/\/www.subdeco.com\/deco\/#website\"},\"datePublished\":\"2021-03-18T20:06:51+00:00\",\"dateModified\":\"2025-07-22T08:37:19+00:00\",\"description\":\"Retrouvez toutes nos id\u00e9es et inspirations de d\u00e9coration, ainsi que les produits must have pour d\u00e9corer vos espaces int\u00e9rieurs.\",\"breadcrumb\":{\"@id\":\"https:\/\/www.subdeco.com\/deco\/inspirations\/#breadcrumb\"},\"inLanguage\":\"fr-FR\",\"potentialAction\":[{\"@type\":\"ReadAction\",\"target\":[\"https:\/\/www.subdeco.com\/deco\/inspirations\/\"]}]},{\"@type\":\"BreadcrumbList\",\"@id\":\"https:\/\/www.subdeco.com\/deco\/inspirations\/#breadcrumb\",\"itemListElement\":[{\"@type\":\"ListItem\",\"position\":1,\"name\":\"Accueil\",\"item\":\"https:\/\/www.subdeco.com\/deco\/\"},{\"@type\":\"ListItem\",\"position\":2,\"name\":\"Inspirations &#8211; Actualit\u00e9\"}]},{\"@type\":\"WebSite\",\"@id\":\"https:\/\/www.subdeco.com\/deco\/#website\",\"url\":\"https:\/\/www.subdeco.com\/deco\/\",\"name\":\"SubD\u00e9co\",\"description\":\"Fournitures tissus rails et stores pour cr\u00e9er vos int\u00e9rieurs textile.\",\"publisher\":{\"@id\":\"https:\/\/www.subdeco.com\/deco\/#organization\"},\"alternateName\":\"SubD\u00e9co - D\u00e9co\",\"potentialAction\":[{\"@type\":\"SearchAction\",\"target\":{\"@type\":\"EntryPoint\",\"urlTemplate\":\"https:\/\/www.subdeco.com\/deco\/?s={search_term_string}\"},\"query-input\":{\"@type\":\"PropertyValueSpecification\",\"valueRequired\":true,\"valueName\":\"search_term_string\"}}],\"inLanguage\":\"fr-FR\"},{\"@type\":\"Organization\",\"@id\":\"https:\/\/www.subdeco.com\/deco\/#organization\",\"name\":\"SubD\u00e9co\",\"alternateName\":\"SubD\u00e9co - D\u00e9co\",\"url\":\"https:\/\/www.subdeco.com\/deco\/\",\"logo\":{\"@type\":\"ImageObject\",\"inLanguage\":\"fr-FR\",\"@id\":\"https:\/\/www.subdeco.com\/deco\/#\/schema\/logo\/image\/\",\"url\":\"https:\/\/www.subdeco.com\/deco\/wp-content\/uploads\/2021\/03\/shutterstock_1832015656-comp.jpg\",\"contentUrl\":\"https:\/\/www.subdeco.com\/deco\/wp-content\/uploads\/2021\/03\/shutterstock_1832015656-comp.jpg\",\"width\":1500,\"height\":1001,\"caption\":\"SubD\u00e9co\"},\"image\":{\"@id\":\"https:\/\/www.subdeco.com\/deco\/#\/schema\/logo\/image\/\"},\"sameAs\":[\"https:\/\/www.linkedin.com\/company\/subdeco\"]}]}<\/script>\n<!-- \/ Yoast SEO plugin. -->","yoast_head_json":{"title":"Inspirations - Actualit\u00e9 | SubD\u00e9co D\u00e9co","description":"Retrouvez toutes nos id\u00e9es et inspirations de d\u00e9coration, ainsi que les produits must have pour d\u00e9corer vos espaces int\u00e9rieurs.","robots":{"index":"index","follow":"follow","max-snippet":"max-snippet:-1","max-image-preview":"max-image-preview:large","max-video-preview":"max-video-preview:-1"},"canonical":"https:\/\/www.subdeco.com\/deco\/inspirations\/","og_locale":"fr_FR","og_type":"article","og_title":"Inspirations - Actualit\u00e9 | SubD\u00e9co D\u00e9co","og_description":"Retrouvez toutes nos id\u00e9es et inspirations de d\u00e9coration, ainsi que les produits must have pour d\u00e9corer vos espaces int\u00e9rieurs.","og_url":"https:\/\/www.subdeco.com\/deco\/inspirations\/","og_site_name":"Subd\u00e9co - D\u00e9co","article_modified_time":"2025-07-22T08:37:19+00:00","og_image":[{"width":1500,"height":1001,"url":"https:\/\/www.subdeco.com\/deco\/wp-content\/uploads\/2021\/03\/shutterstock_1832015656-comp.jpg","type":"image\/jpeg"}],"twitter_card":"summary_large_image","twitter_misc":{"Dur\u00e9e de lecture estim\u00e9e":"3 minutes"},"schema":{"@context":"https:\/\/schema.org","@graph":[{"@type":"WebPage","@id":"https:\/\/www.subdeco.com\/deco\/inspirations\/","url":"https:\/\/www.subdeco.com\/deco\/inspirations\/","name":"Inspirations - Actualit\u00e9 | SubD\u00e9co D\u00e9co","isPartOf":{"@id":"https:\/\/www.subdeco.com\/deco\/#website"},"datePublished":"2021-03-18T20:06:51+00:00","dateModified":"2025-07-22T08:37:19+00:00","description":"Retrouvez toutes nos id\u00e9es et inspirations de d\u00e9coration, ainsi que les produits must have pour d\u00e9corer vos espaces int\u00e9rieurs.","breadcrumb":{"@id":"https:\/\/www.subdeco.com\/deco\/inspirations\/#breadcrumb"},"inLanguage":"fr-FR","potentialAction":[{"@type":"ReadAction","target":["https:\/\/www.subdeco.com\/deco\/inspirations\/"]}]},{"@type":"BreadcrumbList","@id":"https:\/\/www.subdeco.com\/deco\/inspirations\/#breadcrumb","itemListElement":[{"@type":"ListItem","position":1,"name":"Accueil","item":"https:\/\/www.subdeco.com\/deco\/"},{"@type":"ListItem","position":2,"name":"Inspirations &#8211; Actualit\u00e9"}]},{"@type":"WebSite","@id":"https:\/\/www.subdeco.com\/deco\/#website","url":"https:\/\/www.subdeco.com\/deco\/","name":"SubD\u00e9co","description":"Fournitures tissus rails et stores pour cr\u00e9er vos int\u00e9rieurs textile.","publisher":{"@id":"https:\/\/www.subdeco.com\/deco\/#organization"},"alternateName":"SubD\u00e9co - D\u00e9co","potentialAction":[{"@type":"SearchAction","target":{"@type":"EntryPoint","urlTemplate":"https:\/\/www.subdeco.com\/deco\/?s={search_term_string}"},"query-input":{"@type":"PropertyValueSpecification","valueRequired":true,"valueName":"search_term_string"}}],"inLanguage":"fr-FR"},{"@type":"Organization","@id":"https:\/\/www.subdeco.com\/deco\/#organization","name":"SubD\u00e9co","alternateName":"SubD\u00e9co - D\u00e9co","url":"https:\/\/www.subdeco.com\/deco\/","logo":{"@type":"ImageObject","inLanguage":"fr-FR","@id":"https:\/\/www.subdeco.com\/deco\/#\/schema\/logo\/image\/","url":"https:\/\/www.subdeco.com\/deco\/wp-content\/uploads\/2021\/03\/shutterstock_1832015656-comp.jpg","contentUrl":"https:\/\/www.subdeco.com\/deco\/wp-content\/uploads\/2021\/03\/shutterstock_1832015656-comp.jpg","width":1500,"height":1001,"caption":"SubD\u00e9co"},"image":{"@id":"https:\/\/www.subdeco.com\/deco\/#\/schema\/logo\/image\/"},"sameAs":["https:\/\/www.linkedin.com\/company\/subdeco"]}]}},"_links":{"self":[{"href":"https:\/\/www.subdeco.com\/deco\/wp-json\/wp\/v2\/pages\/3151","targetHints":{"allow":["GET"]}}],"collection":[{"href":"https:\/\/www.subdeco.com\/deco\/wp-json\/wp\/v2\/pages"}],"about":[{"href":"https:\/\/www.subdeco.com\/deco\/wp-json\/wp\/v2\/types\/page"}],"author":[{"embeddable":true,"href":"https:\/\/www.subdeco.com\/deco\/wp-json\/wp\/v2\/users\/6"}],"replies":[{"embeddable":true,"href":"https:\/\/www.subdeco.com\/deco\/wp-json\/wp\/v2\/comments?post=3151"}],"version-history":[{"count":13,"href":"https:\/\/www.subdeco.com\/deco\/wp-json\/wp\/v2\/pages\/3151\/revisions"}],"predecessor-version":[{"id":5777,"href":"https:\/\/www.subdeco.com\/deco\/wp-json\/wp\/v2\/pages\/3151\/revisions\/5777"}],"wp:attachment":[{"href":"https:\/\/www.subdeco.com\/deco\/wp-json\/wp\/v2\/media?parent=3151"}],"curies":[{"name":"wp","href":"https:\/\/api.w.org\/{rel}","templated":true}]}}